{"id":11910,"date":"2025-08-26T12:06:42","date_gmt":"2025-08-26T10:06:42","guid":{"rendered":"https:\/\/linoexpress.com\/lv\/?post_type=product&#038;p=11910"},"modified":"2025-08-26T14:35:04","modified_gmt":"2025-08-26T12:35:04","slug":"klusa-bumba-bezgaligai-spelei-silent-basketball","status":"publish","type":"product","link":"https:\/\/linoexpress.com\/lv\/proizvod\/klusa-bumba-bezgaligai-spelei-silent-basketball\/","title":{"rendered":"Klus\u0101 bumba bezgal\u012bgai sp\u0113lei \u2013 Silent Basketball"},"content":{"rendered":"","protected":false},"excerpt":{"rendered":"<p>Iedom\u0101jieties basketbola bumbu, kas nerada troksni, neboj\u0101 m\u0113beles un ir piln\u012bgi dro\u0161a sp\u0113lei m\u0101j\u0101s. T\u0101 ir Silent Basketball \u2013 viegla un elast\u012bga bumba, kas rad\u012bta neskait\u0101m\u0101m stund\u0101m jautr\u012bbas.<br data-start=\"342\" data-end=\"345\" \/>Bez pump\u0113\u0161anas, bez ierobe\u017eojumiem \u2013 tikai t\u012bra sp\u0113le!<\/p>\n","protected":false},"featured_media":11914,"comment_status":"closed","ping_status":"closed","template":"","meta":{"inline_featured_image":false},"product_brand":[],"product_cat":[27,15],"product_tag":[],"class_list":{"0":"post-11910","1":"product","2":"type-product","3":"status-publish","4":"has-post-thumbnail","6":"product_cat-home","7":"product_cat-uncategorized","9":"first","10":"instock","11":"sale","12":"taxable","13":"shipping-taxable","14":"purchasable","15":"product-type-simple"},"acf":[],"_links":{"self":[{"href":"https:\/\/linoexpress.com\/lv\/wp-json\/wp\/v2\/product\/11910","targetHints":{"allow":["GET"]}}],"collection":[{"href":"https:\/\/linoexpress.com\/lv\/wp-json\/wp\/v2\/product"}],"about":[{"href":"https:\/\/linoexpress.com\/lv\/wp-json\/wp\/v2\/types\/product"}],"replies":[{"embeddable":true,"href":"https:\/\/linoexpress.com\/lv\/wp-json\/wp\/v2\/comments?post=11910"}],"wp:featuredmedia":[{"embeddable":true,"href":"https:\/\/linoexpress.com\/lv\/wp-json\/wp\/v2\/media\/11914"}],"wp:attachment":[{"href":"https:\/\/linoexpress.com\/lv\/wp-json\/wp\/v2\/media?parent=11910"}],"wp:term":[{"taxonomy":"product_brand","embeddable":true,"href":"https:\/\/linoexpress.com\/lv\/wp-json\/wp\/v2\/product_brand?post=11910"},{"taxonomy":"product_cat","embeddable":true,"href":"https:\/\/linoexpress.com\/lv\/wp-json\/wp\/v2\/product_cat?post=11910"},{"taxonomy":"product_tag","embeddable":true,"href":"https:\/\/linoexpress.com\/lv\/wp-json\/wp\/v2\/product_tag?post=11910"}],"curies":[{"name":"wp","href":"https:\/\/api.w.org\/{rel}","templated":true}]}}