{"id":11964,"date":"2025-10-17T09:52:51","date_gmt":"2025-10-17T07:52:51","guid":{"rendered":"https:\/\/linoexpress.com\/lv\/?post_type=product&#038;p=11964"},"modified":"2025-11-13T17:47:51","modified_gmt":"2025-11-13T16:47:51","slug":"skanas-gramata-anglu-valodas-apguvei","status":"publish","type":"product","link":"https:\/\/linoexpress.com\/lv\/proizvod\/skanas-gramata-anglu-valodas-apguvei\/","title":{"rendered":"Ska\u0146as gr\u0101mata ang\u013cu valodas apguvei"},"content":{"rendered":"","protected":false},"excerpt":{"rendered":"<p>Interakt\u012bv\u0101 gr\u0101mata ar ska\u0146u pal\u012bdz b\u0113rniem iem\u0101c\u012bties vair\u0101k nek\u0101 470 ang\u013cu valodas v\u0101rdus, izmantojot 21 t\u0113mu, viktor\u012bnas un dziesmi\u0146as. Ide\u0101li piem\u0113rota m\u0101jas lieto\u0161anai, b\u0113rnud\u0101rz\u0101, skol\u0101 vai k\u0101 izgl\u012btojo\u0161a d\u0101vana. Gr\u0101mata apvieno izklaidi un m\u0101c\u012b\u0161anos, veicinot b\u0113rnu pa\u0161vad\u012btu izp\u0113ti un runas prasmes.<\/p>\n","protected":false},"featured_media":11968,"comment_status":"closed","ping_status":"closed","template":"","meta":{"inline_featured_image":false},"product_brand":[],"product_cat":[27,15],"product_tag":[],"class_list":{"0":"post-11964","1":"product","2":"type-product","3":"status-publish","4":"has-post-thumbnail","6":"product_cat-home","7":"product_cat-uncategorized","9":"first","10":"instock","11":"sale","12":"taxable","13":"shipping-taxable","14":"purchasable","15":"product-type-simple"},"acf":[],"_links":{"self":[{"href":"https:\/\/linoexpress.com\/lv\/wp-json\/wp\/v2\/product\/11964","targetHints":{"allow":["GET"]}}],"collection":[{"href":"https:\/\/linoexpress.com\/lv\/wp-json\/wp\/v2\/product"}],"about":[{"href":"https:\/\/linoexpress.com\/lv\/wp-json\/wp\/v2\/types\/product"}],"replies":[{"embeddable":true,"href":"https:\/\/linoexpress.com\/lv\/wp-json\/wp\/v2\/comments?post=11964"}],"wp:featuredmedia":[{"embeddable":true,"href":"https:\/\/linoexpress.com\/lv\/wp-json\/wp\/v2\/media\/11968"}],"wp:attachment":[{"href":"https:\/\/linoexpress.com\/lv\/wp-json\/wp\/v2\/media?parent=11964"}],"wp:term":[{"taxonomy":"product_brand","embeddable":true,"href":"https:\/\/linoexpress.com\/lv\/wp-json\/wp\/v2\/product_brand?post=11964"},{"taxonomy":"product_cat","embeddable":true,"href":"https:\/\/linoexpress.com\/lv\/wp-json\/wp\/v2\/product_cat?post=11964"},{"taxonomy":"product_tag","embeddable":true,"href":"https:\/\/linoexpress.com\/lv\/wp-json\/wp\/v2\/product_tag?post=11964"}],"curies":[{"name":"wp","href":"https:\/\/api.w.org\/{rel}","templated":true}]}}