{"id":11980,"date":"2025-10-17T16:24:58","date_gmt":"2025-10-17T14:24:58","guid":{"rendered":"https:\/\/linoexpress.com\/lv\/?post_type=product&#038;p=11980"},"modified":"2025-10-20T11:22:57","modified_gmt":"2025-10-20T09:22:57","slug":"emocionala-plisa-rotallieta-kuschelkoala","status":"publish","type":"product","link":"https:\/\/linoexpress.com\/lv\/proizvod\/emocionala-plisa-rotallieta-kuschelkoala\/","title":{"rendered":"Emocion\u0101la pl\u012b\u0161a rota\u013clieta &#8211; KuschelKoala"},"content":{"rendered":"","protected":false},"excerpt":{"rendered":"<p>KuschelKoala ir vair\u0101k nek\u0101 parasta pl\u012b\u0161a rota\u013clieta \u2013 t\u0101 ir maza emocion\u0101la biedrs. T\u0101 m\u012bkst\u0101 un pat\u012bkam\u0101 tekst\u016bra sniedz dro\u0161\u012bbas saj\u016btu, nomierina stresu un vientul\u012bbu, k\u0101 ar\u012b veicina laimes hormona \u2013 oksitoc\u012bna \u2013 izdal\u012b\u0161anos. Ide\u0101li piem\u0113rota b\u0113rniem un pieaugu\u0161ajiem, m\u0101j\u0101s, ce\u013cojumos vai k\u0101 past\u0101v\u012bgs komforta avots.<\/p>\n","protected":false},"featured_media":11982,"comment_status":"closed","ping_status":"closed","template":"","meta":{"inline_featured_image":false},"product_brand":[],"product_cat":[27,15],"product_tag":[],"class_list":{"0":"post-11980","1":"product","2":"type-product","3":"status-publish","4":"has-post-thumbnail","6":"product_cat-home","7":"product_cat-uncategorized","9":"first","10":"instock","11":"sale","12":"taxable","13":"shipping-taxable","14":"purchasable","15":"product-type-simple"},"acf":[],"_links":{"self":[{"href":"https:\/\/linoexpress.com\/lv\/wp-json\/wp\/v2\/product\/11980","targetHints":{"allow":["GET"]}}],"collection":[{"href":"https:\/\/linoexpress.com\/lv\/wp-json\/wp\/v2\/product"}],"about":[{"href":"https:\/\/linoexpress.com\/lv\/wp-json\/wp\/v2\/types\/product"}],"replies":[{"embeddable":true,"href":"https:\/\/linoexpress.com\/lv\/wp-json\/wp\/v2\/comments?post=11980"}],"wp:featuredmedia":[{"embeddable":true,"href":"https:\/\/linoexpress.com\/lv\/wp-json\/wp\/v2\/media\/11982"}],"wp:attachment":[{"href":"https:\/\/linoexpress.com\/lv\/wp-json\/wp\/v2\/media?parent=11980"}],"wp:term":[{"taxonomy":"product_brand","embeddable":true,"href":"https:\/\/linoexpress.com\/lv\/wp-json\/wp\/v2\/product_brand?post=11980"},{"taxonomy":"product_cat","embeddable":true,"href":"https:\/\/linoexpress.com\/lv\/wp-json\/wp\/v2\/product_cat?post=11980"},{"taxonomy":"product_tag","embeddable":true,"href":"https:\/\/linoexpress.com\/lv\/wp-json\/wp\/v2\/product_tag?post=11980"}],"curies":[{"name":"wp","href":"https:\/\/api.w.org\/{rel}","templated":true}]}}