{"id":12001,"date":"2025-10-20T23:40:37","date_gmt":"2025-10-20T21:40:37","guid":{"rendered":"https:\/\/linoexpress.com\/lv\/?post_type=product&#038;p=12001"},"modified":"2026-02-11T10:46:10","modified_gmt":"2026-02-11T09:46:10","slug":"palidzibas-lenta-pievilksanas-vingrinajumiem-fitband-pro","status":"publish","type":"product","link":"https:\/\/linoexpress.com\/lv\/proizvod\/palidzibas-lenta-pievilksanas-vingrinajumiem-fitband-pro\/","title":{"rendered":"Pal\u012bdz\u012bbas lenta pievilk\u0161an\u0101s vingrin\u0101jumiem \u2013 FitBand Pro"},"content":{"rendered":"","protected":false},"excerpt":{"rendered":"<p>Uzlabojiet savu m\u0101jas treni\u0146u ar pievilk\u0161an\u0101s lentu, kas nodro\u0161ina stabilit\u0101ti, dro\u0161\u012bbu un efektivit\u0101ti katr\u0101 kust\u012bb\u0101. Bez spotera un liekas slodzes \u2013 tikai tu, tava sp\u0113ks un gudrs treni\u0146u r\u012bks. Piem\u0113rota gan ies\u0101c\u0113jiem, gan pieredz\u0113ju\u0161iem sportistiem, kuri v\u0113las stiprin\u0101t \u0137erme\u0146a aug\u0161da\u013cu un pilnveidot pievilk\u0161an\u0101s tehniku.<\/p>\n","protected":false},"featured_media":12005,"comment_status":"closed","ping_status":"closed","template":"","meta":{"inline_featured_image":false},"product_brand":[],"product_cat":[27,15],"product_tag":[],"class_list":{"0":"post-12001","1":"product","2":"type-product","3":"status-publish","4":"has-post-thumbnail","6":"product_cat-home","7":"product_cat-uncategorized","9":"first","10":"instock","11":"sale","12":"taxable","13":"shipping-taxable","14":"purchasable","15":"product-type-simple"},"acf":[],"_links":{"self":[{"href":"https:\/\/linoexpress.com\/lv\/wp-json\/wp\/v2\/product\/12001","targetHints":{"allow":["GET"]}}],"collection":[{"href":"https:\/\/linoexpress.com\/lv\/wp-json\/wp\/v2\/product"}],"about":[{"href":"https:\/\/linoexpress.com\/lv\/wp-json\/wp\/v2\/types\/product"}],"replies":[{"embeddable":true,"href":"https:\/\/linoexpress.com\/lv\/wp-json\/wp\/v2\/comments?post=12001"}],"wp:featuredmedia":[{"embeddable":true,"href":"https:\/\/linoexpress.com\/lv\/wp-json\/wp\/v2\/media\/12005"}],"wp:attachment":[{"href":"https:\/\/linoexpress.com\/lv\/wp-json\/wp\/v2\/media?parent=12001"}],"wp:term":[{"taxonomy":"product_brand","embeddable":true,"href":"https:\/\/linoexpress.com\/lv\/wp-json\/wp\/v2\/product_brand?post=12001"},{"taxonomy":"product_cat","embeddable":true,"href":"https:\/\/linoexpress.com\/lv\/wp-json\/wp\/v2\/product_cat?post=12001"},{"taxonomy":"product_tag","embeddable":true,"href":"https:\/\/linoexpress.com\/lv\/wp-json\/wp\/v2\/product_tag?post=12001"}],"curies":[{"name":"wp","href":"https:\/\/api.w.org\/{rel}","templated":true}]}}