{"id":12020,"date":"2025-10-22T23:27:55","date_gmt":"2025-10-22T21:27:55","guid":{"rendered":"https:\/\/linoexpress.com\/lv\/?post_type=product&#038;p=12020"},"modified":"2025-10-23T10:11:55","modified_gmt":"2025-10-23T08:11:55","slug":"boksa-komplekts-berniem","status":"publish","type":"product","link":"https:\/\/linoexpress.com\/lv\/proizvod\/boksa-komplekts-berniem\/","title":{"rendered":"Boksa komplekts b\u0113rniem"},"content":{"rendered":"","protected":false},"excerpt":{"rendered":"<p>Jautrs un dro\u0161s veids, k\u0101 b\u0113rni var izt\u0113r\u0113t lieko ener\u0123iju, att\u012bst\u012bt fizisko sagatavot\u012bbu un koordin\u0101ciju! \u0160is komplekts veicina m\u012blest\u012bbu pret sportu, pal\u012bdz veidot vesel\u012bgus ieradumus un samazin\u0101t stresu b\u0113rniem. Kvalitat\u012bva un dro\u0161a izgatavo\u0161ana garant\u0113 ilgsto\u0161u un dro\u0161u lieto\u0161anu.<\/p>\n","protected":false},"featured_media":12026,"comment_status":"closed","ping_status":"closed","template":"","meta":{"inline_featured_image":false},"product_brand":[],"product_cat":[27,15],"product_tag":[],"class_list":{"0":"post-12020","1":"product","2":"type-product","3":"status-publish","4":"has-post-thumbnail","6":"product_cat-home","7":"product_cat-uncategorized","9":"first","10":"instock","11":"sale","12":"taxable","13":"shipping-taxable","14":"purchasable","15":"product-type-simple"},"acf":[],"_links":{"self":[{"href":"https:\/\/linoexpress.com\/lv\/wp-json\/wp\/v2\/product\/12020","targetHints":{"allow":["GET"]}}],"collection":[{"href":"https:\/\/linoexpress.com\/lv\/wp-json\/wp\/v2\/product"}],"about":[{"href":"https:\/\/linoexpress.com\/lv\/wp-json\/wp\/v2\/types\/product"}],"replies":[{"embeddable":true,"href":"https:\/\/linoexpress.com\/lv\/wp-json\/wp\/v2\/comments?post=12020"}],"wp:featuredmedia":[{"embeddable":true,"href":"https:\/\/linoexpress.com\/lv\/wp-json\/wp\/v2\/media\/12026"}],"wp:attachment":[{"href":"https:\/\/linoexpress.com\/lv\/wp-json\/wp\/v2\/media?parent=12020"}],"wp:term":[{"taxonomy":"product_brand","embeddable":true,"href":"https:\/\/linoexpress.com\/lv\/wp-json\/wp\/v2\/product_brand?post=12020"},{"taxonomy":"product_cat","embeddable":true,"href":"https:\/\/linoexpress.com\/lv\/wp-json\/wp\/v2\/product_cat?post=12020"},{"taxonomy":"product_tag","embeddable":true,"href":"https:\/\/linoexpress.com\/lv\/wp-json\/wp\/v2\/product_tag?post=12020"}],"curies":[{"name":"wp","href":"https:\/\/api.w.org\/{rel}","templated":true}]}}