{"id":12066,"date":"2025-11-04T11:13:46","date_gmt":"2025-11-04T10:13:46","guid":{"rendered":"https:\/\/linoexpress.com\/lv\/?post_type=product&#038;p=12066"},"modified":"2025-11-08T10:56:50","modified_gmt":"2025-11-08T09:56:50","slug":"plisa-robotsuns","status":"publish","type":"product","link":"https:\/\/linoexpress.com\/lv\/proizvod\/plisa-robotsuns\/","title":{"rendered":"Pl\u012b\u0161a robotsuns"},"content":{"rendered":"","protected":false},"excerpt":{"rendered":"<p>\u0160is m\u012bl\u012bgais pl\u012b\u0161a robotsuns sniedz prieku, siltumu un smaidus katram b\u0113rnam.<br data-start=\"271\" data-end=\"274\" \/>Ide\u0101ls pavadonis sp\u0113lei, gl\u0101st\u012b\u0161anai un mier\u012bgai gul\u0113\u0161anai \u2013 glu\u017ei k\u0101 \u012bsts m\u0101jdz\u012bvnieks.<br data-start=\"362\" data-end=\"365\" \/>Izgatavots no m\u012bksta un dro\u0161a auduma, ar interakt\u012bv\u0101m funkcij\u0101m, kas padara sp\u0113li dz\u012bv\u012bgu un rada neaizmirstamus mirk\u013cus.<\/p>\n","protected":false},"featured_media":12072,"comment_status":"closed","ping_status":"closed","template":"","meta":{"inline_featured_image":false},"product_brand":[],"product_cat":[27,15],"product_tag":[],"class_list":{"0":"post-12066","1":"product","2":"type-product","3":"status-publish","4":"has-post-thumbnail","6":"product_cat-home","7":"product_cat-uncategorized","9":"first","10":"instock","11":"sale","12":"taxable","13":"shipping-taxable","14":"purchasable","15":"product-type-simple"},"acf":[],"_links":{"self":[{"href":"https:\/\/linoexpress.com\/lv\/wp-json\/wp\/v2\/product\/12066","targetHints":{"allow":["GET"]}}],"collection":[{"href":"https:\/\/linoexpress.com\/lv\/wp-json\/wp\/v2\/product"}],"about":[{"href":"https:\/\/linoexpress.com\/lv\/wp-json\/wp\/v2\/types\/product"}],"replies":[{"embeddable":true,"href":"https:\/\/linoexpress.com\/lv\/wp-json\/wp\/v2\/comments?post=12066"}],"wp:featuredmedia":[{"embeddable":true,"href":"https:\/\/linoexpress.com\/lv\/wp-json\/wp\/v2\/media\/12072"}],"wp:attachment":[{"href":"https:\/\/linoexpress.com\/lv\/wp-json\/wp\/v2\/media?parent=12066"}],"wp:term":[{"taxonomy":"product_brand","embeddable":true,"href":"https:\/\/linoexpress.com\/lv\/wp-json\/wp\/v2\/product_brand?post=12066"},{"taxonomy":"product_cat","embeddable":true,"href":"https:\/\/linoexpress.com\/lv\/wp-json\/wp\/v2\/product_cat?post=12066"},{"taxonomy":"product_tag","embeddable":true,"href":"https:\/\/linoexpress.com\/lv\/wp-json\/wp\/v2\/product_tag?post=12066"}],"curies":[{"name":"wp","href":"https:\/\/api.w.org\/{rel}","templated":true}]}}