{"id":12084,"date":"2025-11-05T19:59:28","date_gmt":"2025-11-05T18:59:28","guid":{"rendered":"https:\/\/linoexpress.com\/lv\/proizvod\/tracne-product\/"},"modified":"2026-03-10T18:00:40","modified_gmt":"2026-03-10T17:00:40","slug":"parnesajamais-kakla-stiepejs","status":"publish","type":"product","link":"https:\/\/linoexpress.com\/lv\/proizvod\/parnesajamais-kakla-stiepejs\/","title":{"rendered":"P\u0101rn\u0113s\u0101jamais kakla stiep\u0113js"},"content":{"rendered":"","protected":false},"excerpt":{"rendered":"<p>Sakiet ardievas st\u012bvumam un spriedzei kakl\u0101 ar \u0161o p\u0101rn\u0113s\u0101jamo kakla stiep\u0113ju, ko varat izmantot jebkur\u0101 laik\u0101 un viet\u0101. Ide\u0101li piem\u0113rots atvese\u013co\u0161anai p\u0113c ilga darba pie datora, fizisk\u0101m aktivit\u0101t\u0113m vai nogurdino\u0161as dienas. Nodro\u0161ina profesion\u0101lu kakla un plecu musku\u013cu stiep\u0161anu un atvieglojumu \u2013 viss tas j\u016bsu m\u0101jas komfort\u0101.<\/p>\n","protected":false},"featured_media":12085,"comment_status":"closed","ping_status":"closed","template":"","meta":{"inline_featured_image":false},"product_brand":[],"product_cat":[25,35,15,26],"product_tag":[],"class_list":{"0":"post-12084","1":"product","2":"type-product","3":"status-publish","4":"has-post-thumbnail","6":"product_cat-car","7":"product_cat-fun","8":"product_cat-uncategorized","9":"product_cat-health","11":"first","12":"instock","13":"sale","14":"taxable","15":"shipping-taxable","16":"purchasable","17":"product-type-simple"},"acf":[],"_links":{"self":[{"href":"https:\/\/linoexpress.com\/lv\/wp-json\/wp\/v2\/product\/12084","targetHints":{"allow":["GET"]}}],"collection":[{"href":"https:\/\/linoexpress.com\/lv\/wp-json\/wp\/v2\/product"}],"about":[{"href":"https:\/\/linoexpress.com\/lv\/wp-json\/wp\/v2\/types\/product"}],"replies":[{"embeddable":true,"href":"https:\/\/linoexpress.com\/lv\/wp-json\/wp\/v2\/comments?post=12084"}],"wp:featuredmedia":[{"embeddable":true,"href":"https:\/\/linoexpress.com\/lv\/wp-json\/wp\/v2\/media\/12085"}],"wp:attachment":[{"href":"https:\/\/linoexpress.com\/lv\/wp-json\/wp\/v2\/media?parent=12084"}],"wp:term":[{"taxonomy":"product_brand","embeddable":true,"href":"https:\/\/linoexpress.com\/lv\/wp-json\/wp\/v2\/product_brand?post=12084"},{"taxonomy":"product_cat","embeddable":true,"href":"https:\/\/linoexpress.com\/lv\/wp-json\/wp\/v2\/product_cat?post=12084"},{"taxonomy":"product_tag","embeddable":true,"href":"https:\/\/linoexpress.com\/lv\/wp-json\/wp\/v2\/product_tag?post=12084"}],"curies":[{"name":"wp","href":"https:\/\/api.w.org\/{rel}","templated":true}]}}