{"id":12100,"date":"2025-11-06T01:54:52","date_gmt":"2025-11-06T00:54:52","guid":{"rendered":"https:\/\/linoexpress.com\/lv\/proizvod\/pandy-product\/"},"modified":"2026-03-26T14:23:07","modified_gmt":"2026-03-26T13:23:07","slug":"milais-panda-terapeitiskais-plisa-rotallieta","status":"publish","type":"product","link":"https:\/\/linoexpress.com\/lv\/proizvod\/milais-panda-terapeitiskais-plisa-rotallieta\/","title":{"rendered":"M\u012b\u013cais panda terapeitiskais pl\u012b\u0161a rota\u013clieta"},"content":{"rendered":"","protected":false},"excerpt":{"rendered":"<p>M\u012b\u013cais panda terapeitiskais pl\u012b\u0161a rota\u013clieta ir rad\u012bta, lai sniegtu mierin\u0101jumu, dro\u0161\u012bbu un mieru ikvienam, kam nepiecie\u0161ams maiguma br\u012bdis.<br \/>\nPateicoties \u012bpa\u0161ajam dizainam ar maigiem kust\u012bb\u0101m un pat\u012bkamu svaru, \u0161\u012b pandi\u0146a atdarina \u012bsta apsk\u0101viena saj\u016btu un veicina dzi\u013cu \u0137erme\u0146a un pr\u0101ta relaks\u0101ciju.<\/p>\n","protected":false},"featured_media":12101,"comment_status":"closed","ping_status":"closed","template":"","meta":{"inline_featured_image":false},"product_brand":[],"product_cat":[24,28,15,26],"product_tag":[],"class_list":{"0":"post-12100","1":"product","2":"type-product","3":"status-publish","4":"has-post-thumbnail","6":"product_cat-sale","7":"product_cat-beauty","8":"product_cat-uncategorized","9":"product_cat-health","11":"first","12":"instock","13":"sale","14":"taxable","15":"shipping-taxable","16":"purchasable","17":"product-type-simple"},"acf":[],"_links":{"self":[{"href":"https:\/\/linoexpress.com\/lv\/wp-json\/wp\/v2\/product\/12100","targetHints":{"allow":["GET"]}}],"collection":[{"href":"https:\/\/linoexpress.com\/lv\/wp-json\/wp\/v2\/product"}],"about":[{"href":"https:\/\/linoexpress.com\/lv\/wp-json\/wp\/v2\/types\/product"}],"replies":[{"embeddable":true,"href":"https:\/\/linoexpress.com\/lv\/wp-json\/wp\/v2\/comments?post=12100"}],"wp:featuredmedia":[{"embeddable":true,"href":"https:\/\/linoexpress.com\/lv\/wp-json\/wp\/v2\/media\/12101"}],"wp:attachment":[{"href":"https:\/\/linoexpress.com\/lv\/wp-json\/wp\/v2\/media?parent=12100"}],"wp:term":[{"taxonomy":"product_brand","embeddable":true,"href":"https:\/\/linoexpress.com\/lv\/wp-json\/wp\/v2\/product_brand?post=12100"},{"taxonomy":"product_cat","embeddable":true,"href":"https:\/\/linoexpress.com\/lv\/wp-json\/wp\/v2\/product_cat?post=12100"},{"taxonomy":"product_tag","embeddable":true,"href":"https:\/\/linoexpress.com\/lv\/wp-json\/wp\/v2\/product_tag?post=12100"}],"curies":[{"name":"wp","href":"https:\/\/api.w.org\/{rel}","templated":true}]}}