{"id":12113,"date":"2025-11-06T18:10:04","date_gmt":"2025-11-06T17:10:04","guid":{"rendered":"https:\/\/linoexpress.com\/lv\/proizvod\/musictrvo-product\/"},"modified":"2025-11-06T18:29:36","modified_gmt":"2025-11-06T17:29:36","slug":"muzikas-kastite-ziemassvetku-vilciens","status":"publish","type":"product","link":"https:\/\/linoexpress.com\/lv\/proizvod\/muzikas-kastite-ziemassvetku-vilciens\/","title":{"rendered":"M\u016bzikas kast\u012bte Ziemassv\u0113tku vilciens"},"content":{"rendered":"","protected":false},"excerpt":{"rendered":"<p>Retro vilciena dizains ar skaistiem Ziemassv\u0113tku mot\u012bviem un sv\u0113tku m\u016bziku rada siltu, pasakainu atmosf\u0113ru katr\u0101 m\u0101j\u0101. \u0160\u012b elegant\u0101 dekor\u0101cija ar Ziemassv\u0113tku vec\u012bti, d\u0101van\u0101m un sniega bumbas efektu ir ide\u0101la izv\u0113le sv\u0113tku galdam, kam\u012bnam vai plauktam.<\/p>\n","protected":false},"featured_media":12114,"comment_status":"closed","ping_status":"closed","template":"","meta":{"inline_featured_image":false},"product_brand":[],"product_cat":[24,27,15],"product_tag":[],"class_list":{"0":"post-12113","1":"product","2":"type-product","3":"status-publish","4":"has-post-thumbnail","6":"product_cat-sale","7":"product_cat-home","8":"product_cat-uncategorized","10":"first","11":"instock","12":"sale","13":"taxable","14":"shipping-taxable","15":"purchasable","16":"product-type-simple"},"acf":[],"_links":{"self":[{"href":"https:\/\/linoexpress.com\/lv\/wp-json\/wp\/v2\/product\/12113","targetHints":{"allow":["GET"]}}],"collection":[{"href":"https:\/\/linoexpress.com\/lv\/wp-json\/wp\/v2\/product"}],"about":[{"href":"https:\/\/linoexpress.com\/lv\/wp-json\/wp\/v2\/types\/product"}],"replies":[{"embeddable":true,"href":"https:\/\/linoexpress.com\/lv\/wp-json\/wp\/v2\/comments?post=12113"}],"wp:featuredmedia":[{"embeddable":true,"href":"https:\/\/linoexpress.com\/lv\/wp-json\/wp\/v2\/media\/12114"}],"wp:attachment":[{"href":"https:\/\/linoexpress.com\/lv\/wp-json\/wp\/v2\/media?parent=12113"}],"wp:term":[{"taxonomy":"product_brand","embeddable":true,"href":"https:\/\/linoexpress.com\/lv\/wp-json\/wp\/v2\/product_brand?post=12113"},{"taxonomy":"product_cat","embeddable":true,"href":"https:\/\/linoexpress.com\/lv\/wp-json\/wp\/v2\/product_cat?post=12113"},{"taxonomy":"product_tag","embeddable":true,"href":"https:\/\/linoexpress.com\/lv\/wp-json\/wp\/v2\/product_tag?post=12113"}],"curies":[{"name":"wp","href":"https:\/\/api.w.org\/{rel}","templated":true}]}}