{"id":12147,"date":"2025-11-11T07:31:08","date_gmt":"2025-11-11T06:31:08","guid":{"rendered":"https:\/\/linoexpress.com\/lv\/proizvod\/watest-product\/"},"modified":"2025-11-11T11:56:43","modified_gmt":"2025-11-11T10:56:43","slug":"udens-testetajs","status":"publish","type":"product","link":"https:\/\/linoexpress.com\/lv\/proizvod\/udens-testetajs\/","title":{"rendered":"\u016adens test\u0113t\u0101js"},"content":{"rendered":"","protected":false},"excerpt":{"rendered":"<p>Digit\u0101lais testeris \u0101trai un prec\u012bzai \u016bdens kvalit\u0101tes nolas\u012b\u0161anai.<br \/>\nPar\u0101da TDS, vad\u012btsp\u0113ju un temperat\u016bru re\u0101llaik\u0101.<br \/>\nPiem\u0113rots m\u0101jsaimniec\u012bb\u0101m, hidroponiskaj\u0101m kult\u016br\u0101m un baseiniem.<\/p>\n","protected":false},"featured_media":12148,"comment_status":"closed","ping_status":"closed","template":"","meta":{"inline_featured_image":false},"product_brand":[],"product_cat":[24,27,15],"product_tag":[],"class_list":{"0":"post-12147","1":"product","2":"type-product","3":"status-publish","4":"has-post-thumbnail","6":"product_cat-sale","7":"product_cat-home","8":"product_cat-uncategorized","10":"first","11":"instock","12":"sale","13":"taxable","14":"shipping-taxable","15":"purchasable","16":"product-type-simple"},"acf":[],"_links":{"self":[{"href":"https:\/\/linoexpress.com\/lv\/wp-json\/wp\/v2\/product\/12147","targetHints":{"allow":["GET"]}}],"collection":[{"href":"https:\/\/linoexpress.com\/lv\/wp-json\/wp\/v2\/product"}],"about":[{"href":"https:\/\/linoexpress.com\/lv\/wp-json\/wp\/v2\/types\/product"}],"replies":[{"embeddable":true,"href":"https:\/\/linoexpress.com\/lv\/wp-json\/wp\/v2\/comments?post=12147"}],"wp:featuredmedia":[{"embeddable":true,"href":"https:\/\/linoexpress.com\/lv\/wp-json\/wp\/v2\/media\/12148"}],"wp:attachment":[{"href":"https:\/\/linoexpress.com\/lv\/wp-json\/wp\/v2\/media?parent=12147"}],"wp:term":[{"taxonomy":"product_brand","embeddable":true,"href":"https:\/\/linoexpress.com\/lv\/wp-json\/wp\/v2\/product_brand?post=12147"},{"taxonomy":"product_cat","embeddable":true,"href":"https:\/\/linoexpress.com\/lv\/wp-json\/wp\/v2\/product_cat?post=12147"},{"taxonomy":"product_tag","embeddable":true,"href":"https:\/\/linoexpress.com\/lv\/wp-json\/wp\/v2\/product_tag?post=12147"}],"curies":[{"name":"wp","href":"https:\/\/api.w.org\/{rel}","templated":true}]}}