{"id":12173,"date":"2025-11-12T12:57:22","date_gmt":"2025-11-12T11:57:22","guid":{"rendered":"https:\/\/linoexpress.com\/lv\/proizvod\/ulrep-product\/"},"modified":"2025-11-12T16:28:01","modified_gmt":"2025-11-12T15:28:01","slug":"ultraskanas-aizsardziba-pret-grauzejiem","status":"publish","type":"product","link":"https:\/\/linoexpress.com\/lv\/proizvod\/ultraskanas-aizsardziba-pret-grauzejiem\/","title":{"rendered":"Ultraska\u0146as aizsardz\u012bba pret grauz\u0113jiem"},"content":{"rendered":"","protected":false},"excerpt":{"rendered":"<p>Elektroniska ier\u012bce, kas atbaida peles un citus grauz\u0113jus ar augstfrekvences ska\u0146as vi\u013c\u0146iem.<br \/>\nCilv\u0113ka ausij tas nav uztverams, bet grauz\u0113jiem izraisa diskomfortu un atgr\u016b\u0161anu.<br \/>\nT\u0101 ir vienk\u0101r\u0161a lieto\u0161an\u0101 un dro\u0161a cilv\u0113kiem un m\u0101jdz\u012bvniekiem.<\/p>\n","protected":false},"featured_media":12174,"comment_status":"closed","ping_status":"closed","template":"","meta":{"inline_featured_image":false},"product_brand":[],"product_cat":[25,35,15],"product_tag":[],"class_list":{"0":"post-12173","1":"product","2":"type-product","3":"status-publish","4":"has-post-thumbnail","6":"product_cat-car","7":"product_cat-fun","8":"product_cat-uncategorized","10":"first","11":"instock","12":"sale","13":"taxable","14":"shipping-taxable","15":"purchasable","16":"product-type-simple"},"acf":[],"_links":{"self":[{"href":"https:\/\/linoexpress.com\/lv\/wp-json\/wp\/v2\/product\/12173","targetHints":{"allow":["GET"]}}],"collection":[{"href":"https:\/\/linoexpress.com\/lv\/wp-json\/wp\/v2\/product"}],"about":[{"href":"https:\/\/linoexpress.com\/lv\/wp-json\/wp\/v2\/types\/product"}],"replies":[{"embeddable":true,"href":"https:\/\/linoexpress.com\/lv\/wp-json\/wp\/v2\/comments?post=12173"}],"wp:featuredmedia":[{"embeddable":true,"href":"https:\/\/linoexpress.com\/lv\/wp-json\/wp\/v2\/media\/12174"}],"wp:attachment":[{"href":"https:\/\/linoexpress.com\/lv\/wp-json\/wp\/v2\/media?parent=12173"}],"wp:term":[{"taxonomy":"product_brand","embeddable":true,"href":"https:\/\/linoexpress.com\/lv\/wp-json\/wp\/v2\/product_brand?post=12173"},{"taxonomy":"product_cat","embeddable":true,"href":"https:\/\/linoexpress.com\/lv\/wp-json\/wp\/v2\/product_cat?post=12173"},{"taxonomy":"product_tag","embeddable":true,"href":"https:\/\/linoexpress.com\/lv\/wp-json\/wp\/v2\/product_tag?post=12173"}],"curies":[{"name":"wp","href":"https:\/\/api.w.org\/{rel}","templated":true}]}}