{"id":12187,"date":"2025-11-13T17:04:15","date_gmt":"2025-11-13T16:04:15","guid":{"rendered":"https:\/\/linoexpress.com\/lv\/proizvod\/zp20-product\/"},"modified":"2025-11-13T20:32:58","modified_gmt":"2025-11-13T19:32:58","slug":"turbo-dubultais-sienas-ladetajs-20w","status":"publish","type":"product","link":"https:\/\/linoexpress.com\/lv\/proizvod\/turbo-dubultais-sienas-ladetajs-20w\/","title":{"rendered":"Turbo dubultais sienas l\u0101d\u0113t\u0101js 20W"},"content":{"rendered":"","protected":false},"excerpt":{"rendered":"<p>\u0100tri uzl\u0101d\u0113jiet visas savas ier\u012bces ar Turbo dubulto sienas l\u0101d\u0113t\u0101ju 20W. Kompakts, uzticams un gudrs \u2013 \u0161is l\u0101d\u0113t\u0101js izmanto modernu tehnolo\u0123iju, lai \u0101tri un dro\u0161i uzl\u0101d\u0113tu telefonus, plan\u0161etdatorus, konsoles un citas ier\u012bces. Ieb\u016bv\u0113tais ievilk\u0161anas kabelis un daudzsl\u0101\u0146u aizsardz\u012bba padara to praktisku jebkur\u0101 situ\u0101cij\u0101: m\u0101j\u0101s, darb\u0101 vai ce\u013c\u0101.<\/p>\n","protected":false},"featured_media":12189,"comment_status":"closed","ping_status":"closed","template":"","meta":{"inline_featured_image":false},"product_brand":[],"product_cat":[24,27,15],"product_tag":[],"class_list":{"0":"post-12187","1":"product","2":"type-product","3":"status-publish","4":"has-post-thumbnail","6":"product_cat-sale","7":"product_cat-home","8":"product_cat-uncategorized","10":"first","11":"instock","12":"sale","13":"taxable","14":"shipping-taxable","15":"purchasable","16":"product-type-simple"},"acf":[],"_links":{"self":[{"href":"https:\/\/linoexpress.com\/lv\/wp-json\/wp\/v2\/product\/12187","targetHints":{"allow":["GET"]}}],"collection":[{"href":"https:\/\/linoexpress.com\/lv\/wp-json\/wp\/v2\/product"}],"about":[{"href":"https:\/\/linoexpress.com\/lv\/wp-json\/wp\/v2\/types\/product"}],"replies":[{"embeddable":true,"href":"https:\/\/linoexpress.com\/lv\/wp-json\/wp\/v2\/comments?post=12187"}],"wp:featuredmedia":[{"embeddable":true,"href":"https:\/\/linoexpress.com\/lv\/wp-json\/wp\/v2\/media\/12189"}],"wp:attachment":[{"href":"https:\/\/linoexpress.com\/lv\/wp-json\/wp\/v2\/media?parent=12187"}],"wp:term":[{"taxonomy":"product_brand","embeddable":true,"href":"https:\/\/linoexpress.com\/lv\/wp-json\/wp\/v2\/product_brand?post=12187"},{"taxonomy":"product_cat","embeddable":true,"href":"https:\/\/linoexpress.com\/lv\/wp-json\/wp\/v2\/product_cat?post=12187"},{"taxonomy":"product_tag","embeddable":true,"href":"https:\/\/linoexpress.com\/lv\/wp-json\/wp\/v2\/product_tag?post=12187"}],"curies":[{"name":"wp","href":"https:\/\/api.w.org\/{rel}","templated":true}]}}