{"id":12232,"date":"2025-12-10T07:16:02","date_gmt":"2025-12-10T06:16:02","guid":{"rendered":"https:\/\/linoexpress.com\/lv\/proizvod\/sn-mask-product\/"},"modified":"2025-12-11T14:52:26","modified_gmt":"2025-12-11T13:52:26","slug":"sniega-nindzjas-maska","status":"publish","type":"product","link":"https:\/\/linoexpress.com\/lv\/proizvod\/sniega-nindzjas-maska\/","title":{"rendered":"Sniega nindzjas maska"},"content":{"rendered":"","protected":false},"excerpt":{"rendered":"<p>Sniega Ninja maska ir tavs neaizvietojamais sabiedrotais uz nog\u0101z\u0113m! T\u0101 apvieno aizsardz\u012bbu, komfortu un stilu vien\u0101. \u0160\u012b daudzfunkcion\u0101l\u0101 maska n\u0101k ar no\u0146emamu sejas masku un pretmiglas brill\u0113m, kas nodro\u0161ina skaidru redzam\u012bbu un piln\u012bgu aizsardz\u012bbu pret v\u0113ju, sniegu un UV stariem. Ide\u0101li piem\u0113rota sl\u0113po\u0161anai, snovbordam vai jebkuram ziemas piedz\u012bvojumam!<\/p>\n","protected":false},"featured_media":12233,"comment_status":"closed","ping_status":"closed","template":"","meta":{"inline_featured_image":false},"product_brand":[],"product_cat":[28,15],"product_tag":[],"class_list":{"0":"post-12232","1":"product","2":"type-product","3":"status-publish","4":"has-post-thumbnail","6":"product_cat-beauty","7":"product_cat-uncategorized","9":"first","10":"instock","11":"sale","12":"taxable","13":"shipping-taxable","14":"purchasable","15":"product-type-simple"},"acf":[],"_links":{"self":[{"href":"https:\/\/linoexpress.com\/lv\/wp-json\/wp\/v2\/product\/12232","targetHints":{"allow":["GET"]}}],"collection":[{"href":"https:\/\/linoexpress.com\/lv\/wp-json\/wp\/v2\/product"}],"about":[{"href":"https:\/\/linoexpress.com\/lv\/wp-json\/wp\/v2\/types\/product"}],"replies":[{"embeddable":true,"href":"https:\/\/linoexpress.com\/lv\/wp-json\/wp\/v2\/comments?post=12232"}],"wp:featuredmedia":[{"embeddable":true,"href":"https:\/\/linoexpress.com\/lv\/wp-json\/wp\/v2\/media\/12233"}],"wp:attachment":[{"href":"https:\/\/linoexpress.com\/lv\/wp-json\/wp\/v2\/media?parent=12232"}],"wp:term":[{"taxonomy":"product_brand","embeddable":true,"href":"https:\/\/linoexpress.com\/lv\/wp-json\/wp\/v2\/product_brand?post=12232"},{"taxonomy":"product_cat","embeddable":true,"href":"https:\/\/linoexpress.com\/lv\/wp-json\/wp\/v2\/product_cat?post=12232"},{"taxonomy":"product_tag","embeddable":true,"href":"https:\/\/linoexpress.com\/lv\/wp-json\/wp\/v2\/product_tag?post=12232"}],"curies":[{"name":"wp","href":"https:\/\/api.w.org\/{rel}","templated":true}]}}