{"id":12252,"date":"2025-12-15T12:25:07","date_gmt":"2025-12-15T11:25:07","guid":{"rendered":"https:\/\/linoexpress.com\/lv\/proizvod\/jazdog-product\/"},"modified":"2026-03-11T01:04:49","modified_gmt":"2026-03-11T00:04:49","slug":"gudrais-plisa-suns-taksis","status":"publish","type":"product","link":"https:\/\/linoexpress.com\/lv\/proizvod\/gudrais-plisa-suns-taksis\/","title":{"rendered":"Gudrais pl\u012b\u0161a suns taksis"},"content":{"rendered":"","protected":false},"excerpt":{"rendered":"<p>Iepaz\u012bstieties ar m\u012bksto m\u0101jdz\u012bvnieku, kas rea\u0123\u0113 k\u0101 \u012bsts taksis.<\/p>\n<p>Pateicoties gudrajai kust\u012bbu tehnolo\u0123ijai, tas atpaz\u012bst piesk\u0101rienu un rea\u0123\u0113 ar staig\u0101\u0161anu, astes vicin\u0101\u0161anu un maigiem galvas kust\u012bb\u0101m.<\/p>\n<p>Tas ir ide\u0101ls k\u0101 emocion\u0101ls pavadonis, d\u0101vana vai mierin\u0101jums jebkur\u0101 m\u0101j\u0101.<\/p>\n","protected":false},"featured_media":12253,"comment_status":"closed","ping_status":"closed","template":"","meta":{"inline_featured_image":false},"product_brand":[],"product_cat":[24,27,15],"product_tag":[],"class_list":{"0":"post-12252","1":"product","2":"type-product","3":"status-publish","4":"has-post-thumbnail","6":"product_cat-sale","7":"product_cat-home","8":"product_cat-uncategorized","10":"first","11":"instock","12":"sale","13":"taxable","14":"shipping-taxable","15":"purchasable","16":"product-type-simple"},"acf":[],"_links":{"self":[{"href":"https:\/\/linoexpress.com\/lv\/wp-json\/wp\/v2\/product\/12252","targetHints":{"allow":["GET"]}}],"collection":[{"href":"https:\/\/linoexpress.com\/lv\/wp-json\/wp\/v2\/product"}],"about":[{"href":"https:\/\/linoexpress.com\/lv\/wp-json\/wp\/v2\/types\/product"}],"replies":[{"embeddable":true,"href":"https:\/\/linoexpress.com\/lv\/wp-json\/wp\/v2\/comments?post=12252"}],"wp:featuredmedia":[{"embeddable":true,"href":"https:\/\/linoexpress.com\/lv\/wp-json\/wp\/v2\/media\/12253"}],"wp:attachment":[{"href":"https:\/\/linoexpress.com\/lv\/wp-json\/wp\/v2\/media?parent=12252"}],"wp:term":[{"taxonomy":"product_brand","embeddable":true,"href":"https:\/\/linoexpress.com\/lv\/wp-json\/wp\/v2\/product_brand?post=12252"},{"taxonomy":"product_cat","embeddable":true,"href":"https:\/\/linoexpress.com\/lv\/wp-json\/wp\/v2\/product_cat?post=12252"},{"taxonomy":"product_tag","embeddable":true,"href":"https:\/\/linoexpress.com\/lv\/wp-json\/wp\/v2\/product_tag?post=12252"}],"curies":[{"name":"wp","href":"https:\/\/api.w.org\/{rel}","templated":true}]}}