{"id":12271,"date":"2026-01-04T02:46:35","date_gmt":"2026-01-04T01:46:35","guid":{"rendered":"https:\/\/linoexpress.com\/lv\/proizvod\/autovariacija-product\/"},"modified":"2026-01-04T10:25:02","modified_gmt":"2026-01-04T09:25:02","slug":"bernu-kartings-2-viena-automasina","status":"publish","type":"product","link":"https:\/\/linoexpress.com\/lv\/proizvod\/bernu-kartings-2-viena-automasina\/","title":{"rendered":"B\u0113rnu kartings &#8211; 2 vien\u0101 automa\u0161\u012bna"},"content":{"rendered":"","protected":false},"excerpt":{"rendered":"<p>\u0160is daudzfunkcion\u0101lais b\u0113rnu transportl\u012bdzeklis nodro\u0161ina dubultu izklaidi &#8211; manu\u0101lu un elektrisku brauk\u0161anu! Ide\u0101li piem\u0113rots sp\u0113l\u0113m gan m\u0101j\u0101s, gan \u0101r\u0101, tas ir viegls, salok\u0101ms un viegli vad\u0101ms. Stabil\u0101 konstrukcija un dro\u0161\u012bbas funkcijas nodro\u0161ina b\u0113rniem bezr\u016bp\u012bgu un aizraujo\u0161u braucienu.<\/p>\n","protected":false},"featured_media":12272,"comment_status":"closed","ping_status":"closed","template":"","meta":{"inline_featured_image":false},"product_brand":[],"product_cat":[24,27,15],"product_tag":[],"class_list":{"0":"post-12271","1":"product","2":"type-product","3":"status-publish","4":"has-post-thumbnail","6":"product_cat-sale","7":"product_cat-home","8":"product_cat-uncategorized","10":"first","11":"instock","12":"sale","13":"taxable","14":"shipping-taxable","15":"purchasable","16":"product-type-variable"},"acf":[],"_links":{"self":[{"href":"https:\/\/linoexpress.com\/lv\/wp-json\/wp\/v2\/product\/12271","targetHints":{"allow":["GET"]}}],"collection":[{"href":"https:\/\/linoexpress.com\/lv\/wp-json\/wp\/v2\/product"}],"about":[{"href":"https:\/\/linoexpress.com\/lv\/wp-json\/wp\/v2\/types\/product"}],"replies":[{"embeddable":true,"href":"https:\/\/linoexpress.com\/lv\/wp-json\/wp\/v2\/comments?post=12271"}],"wp:featuredmedia":[{"embeddable":true,"href":"https:\/\/linoexpress.com\/lv\/wp-json\/wp\/v2\/media\/12272"}],"wp:attachment":[{"href":"https:\/\/linoexpress.com\/lv\/wp-json\/wp\/v2\/media?parent=12271"}],"wp:term":[{"taxonomy":"product_brand","embeddable":true,"href":"https:\/\/linoexpress.com\/lv\/wp-json\/wp\/v2\/product_brand?post=12271"},{"taxonomy":"product_cat","embeddable":true,"href":"https:\/\/linoexpress.com\/lv\/wp-json\/wp\/v2\/product_cat?post=12271"},{"taxonomy":"product_tag","embeddable":true,"href":"https:\/\/linoexpress.com\/lv\/wp-json\/wp\/v2\/product_tag?post=12271"}],"curies":[{"name":"wp","href":"https:\/\/api.w.org\/{rel}","templated":true}]}}