{"id":12283,"date":"2026-01-04T20:51:24","date_gmt":"2026-01-04T19:51:24","guid":{"rendered":"https:\/\/linoexpress.com\/lv\/proizvod\/catch-product\/"},"modified":"2026-03-11T01:04:11","modified_gmt":"2026-03-11T00:04:11","slug":"humana-vairakkarteja-slazda-grauzejiem","status":"publish","type":"product","link":"https:\/\/linoexpress.com\/lv\/proizvod\/humana-vairakkarteja-slazda-grauzejiem\/","title":{"rendered":"Hum\u0101na vair\u0101kk\u0101rt\u0113ja slazda grauz\u0113jiem"},"content":{"rendered":"","protected":false},"excerpt":{"rendered":"<p>Cilv\u0113kiem draudz\u012bga vair\u0101kk\u0101rt\u0113ja slazda grauz\u0113jiem nodro\u0161ina dro\u0161u peles un citu mazu grauz\u0113ju notver\u0161anu bez ievainojumiem un nogalin\u0101\u0161anas. Izgatavota no augstas kvalit\u0101tes cinkota t\u0113rauda, piem\u0113rota lieto\u0161anai iek\u0161telp\u0101s un \u0101r\u0101. Ide\u0101ls risin\u0101jums visiem, kas v\u0113las efekt\u012bvu, \u0113tisku un ilgsto\u0161u grauz\u0113ju kontroli.<\/p>\n","protected":false},"featured_media":12284,"comment_status":"closed","ping_status":"closed","template":"","meta":{"inline_featured_image":false},"product_brand":[],"product_cat":[24,27,15],"product_tag":[],"class_list":{"0":"post-12283","1":"product","2":"type-product","3":"status-publish","4":"has-post-thumbnail","6":"product_cat-sale","7":"product_cat-home","8":"product_cat-uncategorized","10":"first","11":"instock","12":"sale","13":"taxable","14":"shipping-taxable","15":"purchasable","16":"product-type-simple"},"acf":[],"_links":{"self":[{"href":"https:\/\/linoexpress.com\/lv\/wp-json\/wp\/v2\/product\/12283","targetHints":{"allow":["GET"]}}],"collection":[{"href":"https:\/\/linoexpress.com\/lv\/wp-json\/wp\/v2\/product"}],"about":[{"href":"https:\/\/linoexpress.com\/lv\/wp-json\/wp\/v2\/types\/product"}],"replies":[{"embeddable":true,"href":"https:\/\/linoexpress.com\/lv\/wp-json\/wp\/v2\/comments?post=12283"}],"wp:featuredmedia":[{"embeddable":true,"href":"https:\/\/linoexpress.com\/lv\/wp-json\/wp\/v2\/media\/12284"}],"wp:attachment":[{"href":"https:\/\/linoexpress.com\/lv\/wp-json\/wp\/v2\/media?parent=12283"}],"wp:term":[{"taxonomy":"product_brand","embeddable":true,"href":"https:\/\/linoexpress.com\/lv\/wp-json\/wp\/v2\/product_brand?post=12283"},{"taxonomy":"product_cat","embeddable":true,"href":"https:\/\/linoexpress.com\/lv\/wp-json\/wp\/v2\/product_cat?post=12283"},{"taxonomy":"product_tag","embeddable":true,"href":"https:\/\/linoexpress.com\/lv\/wp-json\/wp\/v2\/product_tag?post=12283"}],"curies":[{"name":"wp","href":"https:\/\/api.w.org\/{rel}","templated":true}]}}