{"id":12299,"date":"2026-01-04T23:38:25","date_gmt":"2026-01-04T22:38:25","guid":{"rendered":"https:\/\/linoexpress.com\/lv\/proizvod\/cat135-product\/"},"modified":"2026-03-11T01:04:01","modified_gmt":"2026-03-11T00:04:01","slug":"kaku-makslas-puzle-komplekts-ar-135-koka-detalam","status":"publish","type":"product","link":"https:\/\/linoexpress.com\/lv\/proizvod\/kaku-makslas-puzle-komplekts-ar-135-koka-detalam\/","title":{"rendered":"Ka\u0137u m\u0101kslas puzle \u2013 komplekts ar 135 koka deta\u013c\u0101m"},"content":{"rendered":"","protected":false},"excerpt":{"rendered":"<p>Ka\u0137u m\u0101kslas puzle no 135 koka gabali\u0146iem pied\u0101v\u0101 maigus paste\u013cto\u0146us un unik\u0101lu ka\u0137a formu, kas nodro\u0161ina \u012bpa\u0161u salik\u0161anas pieredzi. Katrs gabali\u0146\u0161 ir at\u0161\u0137ir\u012bgi veidots, padarot salik\u0161anu interesantu, izaicino\u0161u un vienlaikus relaks\u0113jo\u0161u. P\u0113c salik\u0161anas puzle p\u0101rv\u0113r\u0161as par dekorat\u012bvu elementu, kas pie\u0161\u0137ir telpai siltumu.<\/p>\n","protected":false},"featured_media":12300,"comment_status":"closed","ping_status":"closed","template":"","meta":{"inline_featured_image":false},"product_brand":[],"product_cat":[24,35,15],"product_tag":[],"class_list":{"0":"post-12299","1":"product","2":"type-product","3":"status-publish","4":"has-post-thumbnail","6":"product_cat-sale","7":"product_cat-fun","8":"product_cat-uncategorized","10":"first","11":"instock","12":"sale","13":"taxable","14":"shipping-taxable","15":"purchasable","16":"product-type-simple"},"acf":[],"_links":{"self":[{"href":"https:\/\/linoexpress.com\/lv\/wp-json\/wp\/v2\/product\/12299","targetHints":{"allow":["GET"]}}],"collection":[{"href":"https:\/\/linoexpress.com\/lv\/wp-json\/wp\/v2\/product"}],"about":[{"href":"https:\/\/linoexpress.com\/lv\/wp-json\/wp\/v2\/types\/product"}],"replies":[{"embeddable":true,"href":"https:\/\/linoexpress.com\/lv\/wp-json\/wp\/v2\/comments?post=12299"}],"wp:featuredmedia":[{"embeddable":true,"href":"https:\/\/linoexpress.com\/lv\/wp-json\/wp\/v2\/media\/12300"}],"wp:attachment":[{"href":"https:\/\/linoexpress.com\/lv\/wp-json\/wp\/v2\/media?parent=12299"}],"wp:term":[{"taxonomy":"product_brand","embeddable":true,"href":"https:\/\/linoexpress.com\/lv\/wp-json\/wp\/v2\/product_brand?post=12299"},{"taxonomy":"product_cat","embeddable":true,"href":"https:\/\/linoexpress.com\/lv\/wp-json\/wp\/v2\/product_cat?post=12299"},{"taxonomy":"product_tag","embeddable":true,"href":"https:\/\/linoexpress.com\/lv\/wp-json\/wp\/v2\/product_tag?post=12299"}],"curies":[{"name":"wp","href":"https:\/\/api.w.org\/{rel}","templated":true}]}}