{"id":12314,"date":"2026-01-05T01:54:00","date_gmt":"2026-01-05T00:54:00","guid":{"rendered":"https:\/\/linoexpress.com\/lv\/proizvod\/bfly-product\/"},"modified":"2026-03-11T01:03:36","modified_gmt":"2026-03-11T00:03:36","slug":"komplekts-kaklarota-un-rokasspradze-burvju-taurini","status":"publish","type":"product","link":"https:\/\/linoexpress.com\/lv\/proizvod\/komplekts-kaklarota-un-rokasspradze-burvju-taurini\/","title":{"rendered":"Komplekts kaklarota un rokasspr\u0101dze Burvju tauri\u0146i"},"content":{"rendered":"","protected":false},"excerpt":{"rendered":"<p>\u0160is apburo\u0161ais komplekts satur kaklarotu un rokasspr\u0101dzi ar zilajiem tauri\u0146iem, kas maigi sp\u012bd tums\u0101. Tas ir ide\u0101ls \u012bpa\u0161iem gad\u012bjumiem vai ikdienas valk\u0101\u0161anai, pie\u0161\u0137irot j\u016bsu izskatam burv\u012bbas un elegances piesk\u0101rienu. Viegls un \u0113rts, tas nes klusu burv\u012bbu, kas nekad nepaliek nepaman\u012bta.<\/p>\n","protected":false},"featured_media":12315,"comment_status":"closed","ping_status":"closed","template":"","meta":{"inline_featured_image":false},"product_brand":[],"product_cat":[25,24,28,15],"product_tag":[],"class_list":{"0":"post-12314","1":"product","2":"type-product","3":"status-publish","4":"has-post-thumbnail","6":"product_cat-car","7":"product_cat-sale","8":"product_cat-beauty","9":"product_cat-uncategorized","11":"first","12":"instock","13":"sale","14":"taxable","15":"shipping-taxable","16":"purchasable","17":"product-type-simple"},"acf":[],"_links":{"self":[{"href":"https:\/\/linoexpress.com\/lv\/wp-json\/wp\/v2\/product\/12314","targetHints":{"allow":["GET"]}}],"collection":[{"href":"https:\/\/linoexpress.com\/lv\/wp-json\/wp\/v2\/product"}],"about":[{"href":"https:\/\/linoexpress.com\/lv\/wp-json\/wp\/v2\/types\/product"}],"replies":[{"embeddable":true,"href":"https:\/\/linoexpress.com\/lv\/wp-json\/wp\/v2\/comments?post=12314"}],"wp:featuredmedia":[{"embeddable":true,"href":"https:\/\/linoexpress.com\/lv\/wp-json\/wp\/v2\/media\/12315"}],"wp:attachment":[{"href":"https:\/\/linoexpress.com\/lv\/wp-json\/wp\/v2\/media?parent=12314"}],"wp:term":[{"taxonomy":"product_brand","embeddable":true,"href":"https:\/\/linoexpress.com\/lv\/wp-json\/wp\/v2\/product_brand?post=12314"},{"taxonomy":"product_cat","embeddable":true,"href":"https:\/\/linoexpress.com\/lv\/wp-json\/wp\/v2\/product_cat?post=12314"},{"taxonomy":"product_tag","embeddable":true,"href":"https:\/\/linoexpress.com\/lv\/wp-json\/wp\/v2\/product_tag?post=12314"}],"curies":[{"name":"wp","href":"https:\/\/api.w.org\/{rel}","templated":true}]}}