{"id":12339,"date":"2026-01-19T12:51:51","date_gmt":"2026-01-19T11:51:51","guid":{"rendered":"https:\/\/linoexpress.com\/lv\/proizvod\/batpmp-product\/"},"modified":"2026-03-02T12:41:55","modified_gmt":"2026-03-02T11:41:55","slug":"parnesajama-slutene-ar-sukni","status":"publish","type":"product","link":"https:\/\/linoexpress.com\/lv\/proizvod\/parnesajama-slutene-ar-sukni\/","title":{"rendered":"P\u0101rn\u0113s\u0101jam\u0101 \u0161\u013c\u016btene ar s\u016bkni"},"content":{"rendered":"","protected":false},"excerpt":{"rendered":"<p>P\u0101rn\u0113s\u0101jam\u0101 bateriju s\u016bknis nodro\u0161ina \u0101tru, t\u012bru un dro\u0161u \u0161\u0137idrumu p\u0101rvieto\u0161anu bez smagas cel\u0161anas. Tas darbojas ar baterij\u0101m un ir viegli lietojams ar vienu roku, padarot to ide\u0101lu degvielai, \u016bdenim un citiem \u0161\u0137idrumiem. Tas ir lieliski piem\u0113rots m\u0101jas, profesion\u0101lai un \u0101rk\u0101rtas lieto\u0161anai.<\/p>\n","protected":false},"featured_media":12340,"comment_status":"closed","ping_status":"closed","template":"","meta":{"inline_featured_image":false},"product_brand":[],"product_cat":[25,24,27,15],"product_tag":[],"class_list":{"0":"post-12339","1":"product","2":"type-product","3":"status-publish","4":"has-post-thumbnail","6":"product_cat-car","7":"product_cat-sale","8":"product_cat-home","9":"product_cat-uncategorized","11":"first","12":"instock","13":"sale","14":"taxable","15":"shipping-taxable","16":"purchasable","17":"product-type-simple"},"acf":[],"_links":{"self":[{"href":"https:\/\/linoexpress.com\/lv\/wp-json\/wp\/v2\/product\/12339","targetHints":{"allow":["GET"]}}],"collection":[{"href":"https:\/\/linoexpress.com\/lv\/wp-json\/wp\/v2\/product"}],"about":[{"href":"https:\/\/linoexpress.com\/lv\/wp-json\/wp\/v2\/types\/product"}],"replies":[{"embeddable":true,"href":"https:\/\/linoexpress.com\/lv\/wp-json\/wp\/v2\/comments?post=12339"}],"wp:featuredmedia":[{"embeddable":true,"href":"https:\/\/linoexpress.com\/lv\/wp-json\/wp\/v2\/media\/12340"}],"wp:attachment":[{"href":"https:\/\/linoexpress.com\/lv\/wp-json\/wp\/v2\/media?parent=12339"}],"wp:term":[{"taxonomy":"product_brand","embeddable":true,"href":"https:\/\/linoexpress.com\/lv\/wp-json\/wp\/v2\/product_brand?post=12339"},{"taxonomy":"product_cat","embeddable":true,"href":"https:\/\/linoexpress.com\/lv\/wp-json\/wp\/v2\/product_cat?post=12339"},{"taxonomy":"product_tag","embeddable":true,"href":"https:\/\/linoexpress.com\/lv\/wp-json\/wp\/v2\/product_tag?post=12339"}],"curies":[{"name":"wp","href":"https:\/\/api.w.org\/{rel}","templated":true}]}}