{"id":12350,"date":"2026-01-19T20:22:02","date_gmt":"2026-01-19T19:22:02","guid":{"rendered":"https:\/\/linoexpress.com\/lv\/proizvod\/hood-product\/"},"modified":"2026-03-11T01:03:21","modified_gmt":"2026-03-11T00:03:21","slug":"daudzfunkcionals-jaudigs-ventilators","status":"publish","type":"product","link":"https:\/\/linoexpress.com\/lv\/proizvod\/daudzfunkcionals-jaudigs-ventilators\/","title":{"rendered":"Daudzfunkcion\u0101ls jaud\u012bgs ventilators"},"content":{"rendered":"","protected":false},"excerpt":{"rendered":"<p>\u0160is daudzfunkcion\u0101lais izpl\u016bdes ventilators nodro\u0161ina sp\u0113c\u012bgu gaisa pl\u016bsmu ar \u0101rk\u0101rt\u012bgi klusu darb\u012bbu. Efekt\u012bvi no\u0146em mitrumu, smakas un d\u016bmus, uzlabojot gaisa kvalit\u0101ti jebkur\u0101 telp\u0101. Ide\u0101li piem\u0113rots virtuv\u0113m, vannas istab\u0101m, birojiem un komerci\u0101l\u0101m telp\u0101m.<\/p>\n","protected":false},"featured_media":12351,"comment_status":"closed","ping_status":"closed","template":"","meta":{"inline_featured_image":false},"product_brand":[],"product_cat":[24,27,15],"product_tag":[],"class_list":{"0":"post-12350","1":"product","2":"type-product","3":"status-publish","4":"has-post-thumbnail","6":"product_cat-sale","7":"product_cat-home","8":"product_cat-uncategorized","10":"first","11":"instock","12":"sale","13":"taxable","14":"shipping-taxable","15":"purchasable","16":"product-type-simple"},"acf":[],"_links":{"self":[{"href":"https:\/\/linoexpress.com\/lv\/wp-json\/wp\/v2\/product\/12350","targetHints":{"allow":["GET"]}}],"collection":[{"href":"https:\/\/linoexpress.com\/lv\/wp-json\/wp\/v2\/product"}],"about":[{"href":"https:\/\/linoexpress.com\/lv\/wp-json\/wp\/v2\/types\/product"}],"replies":[{"embeddable":true,"href":"https:\/\/linoexpress.com\/lv\/wp-json\/wp\/v2\/comments?post=12350"}],"wp:featuredmedia":[{"embeddable":true,"href":"https:\/\/linoexpress.com\/lv\/wp-json\/wp\/v2\/media\/12351"}],"wp:attachment":[{"href":"https:\/\/linoexpress.com\/lv\/wp-json\/wp\/v2\/media?parent=12350"}],"wp:term":[{"taxonomy":"product_brand","embeddable":true,"href":"https:\/\/linoexpress.com\/lv\/wp-json\/wp\/v2\/product_brand?post=12350"},{"taxonomy":"product_cat","embeddable":true,"href":"https:\/\/linoexpress.com\/lv\/wp-json\/wp\/v2\/product_cat?post=12350"},{"taxonomy":"product_tag","embeddable":true,"href":"https:\/\/linoexpress.com\/lv\/wp-json\/wp\/v2\/product_tag?post=12350"}],"curies":[{"name":"wp","href":"https:\/\/api.w.org\/{rel}","templated":true}]}}