{"id":12363,"date":"2026-01-19T23:25:20","date_gmt":"2026-01-19T22:25:20","guid":{"rendered":"https:\/\/linoexpress.com\/lv\/proizvod\/pants-product\/"},"modified":"2026-03-11T01:03:07","modified_gmt":"2026-03-11T00:03:07","slug":"traka-pagalma-spele-granny-pants","status":"publish","type":"product","link":"https:\/\/linoexpress.com\/lv\/proizvod\/traka-pagalma-spele-granny-pants\/","title":{"rendered":"Traka pagalma sp\u0113le &#8211; Granny Pants"},"content":{"rendered":"","protected":false},"excerpt":{"rendered":"<p>Speriet piedz\u012bvojumu ar Granny Pants, traku pagalma sp\u0113li, kas garant\u0113 smieklus, kust\u012bbu un kop\u0101 b\u016b\u0161anu visai \u0123imenei un draugiem. Ide\u0101li piem\u0113rota pagalmiem, grila ball\u012bt\u0113m, dzim\u0161anas dien\u0101m, skolas aktivit\u0101t\u0113m un komandas salied\u0113\u0161anas pas\u0101kumiem. Viegli uzst\u0101d\u0101ma, univers\u0101la izm\u0113ra un piem\u0113rota visiem vecumiem, \u0101tri k\u013c\u016bst par galveno atrakciju jebkur\u0101 san\u0101ksm\u0113.<\/p>\n","protected":false},"featured_media":12364,"comment_status":"closed","ping_status":"closed","template":"","meta":{"inline_featured_image":false},"product_brand":[],"product_cat":[24,27,15],"product_tag":[],"class_list":{"0":"post-12363","1":"product","2":"type-product","3":"status-publish","4":"has-post-thumbnail","6":"product_cat-sale","7":"product_cat-home","8":"product_cat-uncategorized","10":"first","11":"instock","12":"sale","13":"taxable","14":"shipping-taxable","15":"purchasable","16":"product-type-simple"},"acf":[],"_links":{"self":[{"href":"https:\/\/linoexpress.com\/lv\/wp-json\/wp\/v2\/product\/12363","targetHints":{"allow":["GET"]}}],"collection":[{"href":"https:\/\/linoexpress.com\/lv\/wp-json\/wp\/v2\/product"}],"about":[{"href":"https:\/\/linoexpress.com\/lv\/wp-json\/wp\/v2\/types\/product"}],"replies":[{"embeddable":true,"href":"https:\/\/linoexpress.com\/lv\/wp-json\/wp\/v2\/comments?post=12363"}],"wp:featuredmedia":[{"embeddable":true,"href":"https:\/\/linoexpress.com\/lv\/wp-json\/wp\/v2\/media\/12364"}],"wp:attachment":[{"href":"https:\/\/linoexpress.com\/lv\/wp-json\/wp\/v2\/media?parent=12363"}],"wp:term":[{"taxonomy":"product_brand","embeddable":true,"href":"https:\/\/linoexpress.com\/lv\/wp-json\/wp\/v2\/product_brand?post=12363"},{"taxonomy":"product_cat","embeddable":true,"href":"https:\/\/linoexpress.com\/lv\/wp-json\/wp\/v2\/product_cat?post=12363"},{"taxonomy":"product_tag","embeddable":true,"href":"https:\/\/linoexpress.com\/lv\/wp-json\/wp\/v2\/product_tag?post=12363"}],"curies":[{"name":"wp","href":"https:\/\/api.w.org\/{rel}","templated":true}]}}