{"id":12378,"date":"2026-01-20T00:32:40","date_gmt":"2026-01-19T23:32:40","guid":{"rendered":"https:\/\/linoexpress.com\/lv\/proizvod\/bref-product\/"},"modified":"2026-01-20T01:02:12","modified_gmt":"2026-01-20T00:02:12","slug":"refleksa-bumba-atruma-un-koordinacijas-treniniem","status":"publish","type":"product","link":"https:\/\/linoexpress.com\/lv\/proizvod\/refleksa-bumba-atruma-un-koordinacijas-treniniem\/","title":{"rendered":"Refleks\u0101 bumba \u0101truma un koordin\u0101cijas treni\u0146iem"},"content":{"rendered":"","protected":false},"excerpt":{"rendered":"<p>Refleksu boksa bumba ir praktisks treni\u0146u r\u012bks, lai uzlabotu \u0101trumu, fokusu un roku-acu koordin\u0101ciju. T\u0101 ir ide\u0101li piem\u0113rota bokseriem, sportistiem un amatieriem visu vecumu grup\u0101s, k\u0101 ar\u012b m\u0101jas treni\u0146iem. Viegls, regul\u0113jams un vienk\u0101r\u0161i lietojams, tas nodro\u0161ina efekt\u012bvu treni\u0146u jebkur\u0101 viet\u0101, kur atrodaties.<\/p>\n","protected":false},"featured_media":12379,"comment_status":"closed","ping_status":"closed","template":"","meta":{"inline_featured_image":false},"product_brand":[],"product_cat":[24,27,15],"product_tag":[],"class_list":{"0":"post-12378","1":"product","2":"type-product","3":"status-publish","4":"has-post-thumbnail","6":"product_cat-sale","7":"product_cat-home","8":"product_cat-uncategorized","10":"first","11":"instock","12":"sale","13":"taxable","14":"shipping-taxable","15":"purchasable","16":"product-type-simple"},"acf":[],"_links":{"self":[{"href":"https:\/\/linoexpress.com\/lv\/wp-json\/wp\/v2\/product\/12378","targetHints":{"allow":["GET"]}}],"collection":[{"href":"https:\/\/linoexpress.com\/lv\/wp-json\/wp\/v2\/product"}],"about":[{"href":"https:\/\/linoexpress.com\/lv\/wp-json\/wp\/v2\/types\/product"}],"replies":[{"embeddable":true,"href":"https:\/\/linoexpress.com\/lv\/wp-json\/wp\/v2\/comments?post=12378"}],"wp:featuredmedia":[{"embeddable":true,"href":"https:\/\/linoexpress.com\/lv\/wp-json\/wp\/v2\/media\/12379"}],"wp:attachment":[{"href":"https:\/\/linoexpress.com\/lv\/wp-json\/wp\/v2\/media?parent=12378"}],"wp:term":[{"taxonomy":"product_brand","embeddable":true,"href":"https:\/\/linoexpress.com\/lv\/wp-json\/wp\/v2\/product_brand?post=12378"},{"taxonomy":"product_cat","embeddable":true,"href":"https:\/\/linoexpress.com\/lv\/wp-json\/wp\/v2\/product_cat?post=12378"},{"taxonomy":"product_tag","embeddable":true,"href":"https:\/\/linoexpress.com\/lv\/wp-json\/wp\/v2\/product_tag?post=12378"}],"curies":[{"name":"wp","href":"https:\/\/api.w.org\/{rel}","templated":true}]}}