{"id":12401,"date":"2026-01-21T22:46:55","date_gmt":"2026-01-21T21:46:55","guid":{"rendered":"https:\/\/linoexpress.com\/lv\/proizvod\/catty-product\/"},"modified":"2026-03-11T01:02:55","modified_gmt":"2026-03-11T00:02:55","slug":"miligais-robots-kakis-interaktivais-majdzivnieks","status":"publish","type":"product","link":"https:\/\/linoexpress.com\/lv\/proizvod\/miligais-robots-kakis-interaktivais-majdzivnieks\/","title":{"rendered":"M\u012bl\u012bgais robots ka\u0137is &#8211; Interakt\u012bvais m\u0101jdz\u012bvnieks"},"content":{"rendered":"","protected":false},"excerpt":{"rendered":"<p>\u0160\u012b re\u0101listisk\u0101 robotka\u0137e staig\u0101, \u0146aud un murr\u0101 k\u0101 \u012bsta, sniedzot b\u0113rniem \u012bsta m\u0101jdz\u012bvnieka saj\u016btu. T\u0101 ir izgatavota no m\u012bksta, pat\u012bkama materi\u0101la, kas ir dro\u0161s sp\u0113l\u0113\u0161anai un gl\u0101st\u012b\u0161anai. Ide\u0101la izt\u0113les att\u012bst\u012b\u0161anai, draudz\u012bbai un ilgsto\u0161ai izklaidei bez r\u016bp\u0113m par \u012bstu dz\u012bvnieku.<\/p>\n","protected":false},"featured_media":12402,"comment_status":"closed","ping_status":"closed","template":"","meta":{"inline_featured_image":false},"product_brand":[],"product_cat":[24,27,15],"product_tag":[],"class_list":{"0":"post-12401","1":"product","2":"type-product","3":"status-publish","4":"has-post-thumbnail","6":"product_cat-sale","7":"product_cat-home","8":"product_cat-uncategorized","10":"first","11":"instock","12":"sale","13":"taxable","14":"shipping-taxable","15":"purchasable","16":"product-type-simple"},"acf":[],"_links":{"self":[{"href":"https:\/\/linoexpress.com\/lv\/wp-json\/wp\/v2\/product\/12401","targetHints":{"allow":["GET"]}}],"collection":[{"href":"https:\/\/linoexpress.com\/lv\/wp-json\/wp\/v2\/product"}],"about":[{"href":"https:\/\/linoexpress.com\/lv\/wp-json\/wp\/v2\/types\/product"}],"replies":[{"embeddable":true,"href":"https:\/\/linoexpress.com\/lv\/wp-json\/wp\/v2\/comments?post=12401"}],"wp:featuredmedia":[{"embeddable":true,"href":"https:\/\/linoexpress.com\/lv\/wp-json\/wp\/v2\/media\/12402"}],"wp:attachment":[{"href":"https:\/\/linoexpress.com\/lv\/wp-json\/wp\/v2\/media?parent=12401"}],"wp:term":[{"taxonomy":"product_brand","embeddable":true,"href":"https:\/\/linoexpress.com\/lv\/wp-json\/wp\/v2\/product_brand?post=12401"},{"taxonomy":"product_cat","embeddable":true,"href":"https:\/\/linoexpress.com\/lv\/wp-json\/wp\/v2\/product_cat?post=12401"},{"taxonomy":"product_tag","embeddable":true,"href":"https:\/\/linoexpress.com\/lv\/wp-json\/wp\/v2\/product_tag?post=12401"}],"curies":[{"name":"wp","href":"https:\/\/api.w.org\/{rel}","templated":true}]}}