{"id":12448,"date":"2026-02-04T10:16:51","date_gmt":"2026-02-04T09:16:51","guid":{"rendered":"https:\/\/linoexpress.com\/lv\/proizvod\/rfid-product\/"},"modified":"2026-03-11T01:02:22","modified_gmt":"2026-03-11T00:02:22","slug":"naktsskapitis-ar-sleptu-drosibas-nodalijumu","status":"publish","type":"product","link":"https:\/\/linoexpress.com\/lv\/proizvod\/naktsskapitis-ar-sleptu-drosibas-nodalijumu\/","title":{"rendered":"Naktsskap\u012btis ar sl\u0113ptu dro\u0161\u012bbas nodal\u012bjumu"},"content":{"rendered":"","protected":false},"excerpt":{"rendered":"<p>\u0160is naktsgaldi\u0146\u0161 j\u016bsu m\u0101j\u0101s ienes elegances un diskr\u0113tas aizsardz\u012bbas perfektu apvienojumu. Aiz vienk\u0101r\u0161\u0101, modern\u0101 izskata sl\u0113pjas gudri pasl\u0113pta telpa ar RFID sl\u0113dzeni, kas paredz\u0113ta v\u0113rt\u012bgu priek\u0161metu dro\u0161ai glab\u0101\u0161anai. Tas ir ide\u0101li piem\u0113rots visiem, kas v\u0113las k\u0101rt\u012bgu telpu, bet ar\u012b papildu dro\u0161\u012bbas saj\u016btu.<\/p>\n","protected":false},"featured_media":12449,"comment_status":"closed","ping_status":"closed","template":"","meta":{"inline_featured_image":false},"product_brand":[],"product_cat":[24,27,15,26],"product_tag":[],"class_list":{"0":"post-12448","1":"product","2":"type-product","3":"status-publish","4":"has-post-thumbnail","6":"product_cat-sale","7":"product_cat-home","8":"product_cat-uncategorized","9":"product_cat-health","11":"first","12":"instock","13":"sale","14":"taxable","15":"shipping-taxable","16":"purchasable","17":"product-type-simple"},"acf":[],"_links":{"self":[{"href":"https:\/\/linoexpress.com\/lv\/wp-json\/wp\/v2\/product\/12448","targetHints":{"allow":["GET"]}}],"collection":[{"href":"https:\/\/linoexpress.com\/lv\/wp-json\/wp\/v2\/product"}],"about":[{"href":"https:\/\/linoexpress.com\/lv\/wp-json\/wp\/v2\/types\/product"}],"replies":[{"embeddable":true,"href":"https:\/\/linoexpress.com\/lv\/wp-json\/wp\/v2\/comments?post=12448"}],"wp:featuredmedia":[{"embeddable":true,"href":"https:\/\/linoexpress.com\/lv\/wp-json\/wp\/v2\/media\/12449"}],"wp:attachment":[{"href":"https:\/\/linoexpress.com\/lv\/wp-json\/wp\/v2\/media?parent=12448"}],"wp:term":[{"taxonomy":"product_brand","embeddable":true,"href":"https:\/\/linoexpress.com\/lv\/wp-json\/wp\/v2\/product_brand?post=12448"},{"taxonomy":"product_cat","embeddable":true,"href":"https:\/\/linoexpress.com\/lv\/wp-json\/wp\/v2\/product_cat?post=12448"},{"taxonomy":"product_tag","embeddable":true,"href":"https:\/\/linoexpress.com\/lv\/wp-json\/wp\/v2\/product_tag?post=12448"}],"curies":[{"name":"wp","href":"https:\/\/api.w.org\/{rel}","templated":true}]}}