{"id":12462,"date":"2026-02-05T19:53:34","date_gmt":"2026-02-05T18:53:34","guid":{"rendered":"https:\/\/linoexpress.com\/lv\/proizvod\/matgnd-product\/"},"modified":"2026-02-05T20:08:43","modified_gmt":"2026-02-05T19:08:43","slug":"zemesanas-paklajins","status":"publish","type":"product","link":"https:\/\/linoexpress.com\/lv\/proizvod\/zemesanas-paklajins\/","title":{"rendered":"Zem\u0113\u0161anas pakl\u0101ji\u0146\u0161"},"content":{"rendered":"","protected":false},"excerpt":{"rendered":"<p>Zem\u0113\u0161anas pakl\u0101ji\u0146\u0161 nodro\u0161ina dabisku \u0137erme\u0146a savienojumu ar zemi un atjauno organisma elektrisko l\u012bdzsvaru. Regul\u0101ra lieto\u0161ana var veicin\u0101t lab\u0101ku miegu, mazin\u0101t stresu un atvieglot s\u0101pes musku\u013cos un loc\u012btav\u0101s. Tas ir vienk\u0101r\u0161i lietojams un piem\u0113rots m\u0101j\u0101m, birojam vai atp\u016btai.<\/p>\n","protected":false},"featured_media":12463,"comment_status":"closed","ping_status":"closed","template":"","meta":{"inline_featured_image":false},"product_brand":[],"product_cat":[24,27,15,26],"product_tag":[],"class_list":{"0":"post-12462","1":"product","2":"type-product","3":"status-publish","4":"has-post-thumbnail","6":"product_cat-sale","7":"product_cat-home","8":"product_cat-uncategorized","9":"product_cat-health","11":"first","12":"instock","13":"sale","14":"taxable","15":"shipping-taxable","16":"purchasable","17":"product-type-simple"},"acf":[],"_links":{"self":[{"href":"https:\/\/linoexpress.com\/lv\/wp-json\/wp\/v2\/product\/12462","targetHints":{"allow":["GET"]}}],"collection":[{"href":"https:\/\/linoexpress.com\/lv\/wp-json\/wp\/v2\/product"}],"about":[{"href":"https:\/\/linoexpress.com\/lv\/wp-json\/wp\/v2\/types\/product"}],"replies":[{"embeddable":true,"href":"https:\/\/linoexpress.com\/lv\/wp-json\/wp\/v2\/comments?post=12462"}],"wp:featuredmedia":[{"embeddable":true,"href":"https:\/\/linoexpress.com\/lv\/wp-json\/wp\/v2\/media\/12463"}],"wp:attachment":[{"href":"https:\/\/linoexpress.com\/lv\/wp-json\/wp\/v2\/media?parent=12462"}],"wp:term":[{"taxonomy":"product_brand","embeddable":true,"href":"https:\/\/linoexpress.com\/lv\/wp-json\/wp\/v2\/product_brand?post=12462"},{"taxonomy":"product_cat","embeddable":true,"href":"https:\/\/linoexpress.com\/lv\/wp-json\/wp\/v2\/product_cat?post=12462"},{"taxonomy":"product_tag","embeddable":true,"href":"https:\/\/linoexpress.com\/lv\/wp-json\/wp\/v2\/product_tag?post=12462"}],"curies":[{"name":"wp","href":"https:\/\/api.w.org\/{rel}","templated":true}]}}