{"id":12479,"date":"2026-02-05T20:44:00","date_gmt":"2026-02-05T19:44:00","guid":{"rendered":"https:\/\/linoexpress.com\/lv\/proizvod\/strap-product\/"},"modified":"2026-03-11T01:02:10","modified_gmt":"2026-03-11T00:02:10","slug":"siksnas-svarcelsanai-ar-akiem-plaukstas-locitavam","status":"publish","type":"product","link":"https:\/\/linoexpress.com\/lv\/proizvod\/siksnas-svarcelsanai-ar-akiem-plaukstas-locitavam\/","title":{"rendered":"Siksnas svarcel\u0161anai ar \u0101\u0137iem plaukstas loc\u012btav\u0101m"},"content":{"rendered":"","protected":false},"excerpt":{"rendered":"<p>Svarcel\u0161anas siksnas nodro\u0161ina sp\u0113c\u012bgu un stabilu atbalstu treni\u0146u laik\u0101 ar liel\u0101ku slodzi. T\u0101s pal\u012bdz dro\u0161\u0101k veikt kust\u012bbas un samazina slodzi uz rok\u0101m un plaukstas loc\u012btav\u0101m. Paredz\u0113tas visiem, kas v\u0113las lab\u0101ku kontroli, sp\u0113c\u012bg\u0101ku satv\u0113rienu un efekt\u012bv\u0101ku treni\u0146u.<\/p>\n","protected":false},"featured_media":12480,"comment_status":"closed","ping_status":"closed","template":"","meta":{"inline_featured_image":false},"product_brand":[],"product_cat":[35,28,15,26],"product_tag":[],"class_list":{"0":"post-12479","1":"product","2":"type-product","3":"status-publish","4":"has-post-thumbnail","6":"product_cat-fun","7":"product_cat-beauty","8":"product_cat-uncategorized","9":"product_cat-health","11":"first","12":"instock","13":"sale","14":"taxable","15":"shipping-taxable","16":"purchasable","17":"product-type-simple"},"acf":[],"_links":{"self":[{"href":"https:\/\/linoexpress.com\/lv\/wp-json\/wp\/v2\/product\/12479","targetHints":{"allow":["GET"]}}],"collection":[{"href":"https:\/\/linoexpress.com\/lv\/wp-json\/wp\/v2\/product"}],"about":[{"href":"https:\/\/linoexpress.com\/lv\/wp-json\/wp\/v2\/types\/product"}],"replies":[{"embeddable":true,"href":"https:\/\/linoexpress.com\/lv\/wp-json\/wp\/v2\/comments?post=12479"}],"wp:featuredmedia":[{"embeddable":true,"href":"https:\/\/linoexpress.com\/lv\/wp-json\/wp\/v2\/media\/12480"}],"wp:attachment":[{"href":"https:\/\/linoexpress.com\/lv\/wp-json\/wp\/v2\/media?parent=12479"}],"wp:term":[{"taxonomy":"product_brand","embeddable":true,"href":"https:\/\/linoexpress.com\/lv\/wp-json\/wp\/v2\/product_brand?post=12479"},{"taxonomy":"product_cat","embeddable":true,"href":"https:\/\/linoexpress.com\/lv\/wp-json\/wp\/v2\/product_cat?post=12479"},{"taxonomy":"product_tag","embeddable":true,"href":"https:\/\/linoexpress.com\/lv\/wp-json\/wp\/v2\/product_tag?post=12479"}],"curies":[{"name":"wp","href":"https:\/\/api.w.org\/{rel}","templated":true}]}}