{"id":12499,"date":"2026-02-13T08:24:57","date_gmt":"2026-02-13T07:24:57","guid":{"rendered":"https:\/\/linoexpress.com\/lv\/proizvod\/shaver-product\/"},"modified":"2026-03-11T01:01:54","modified_gmt":"2026-03-11T00:01:54","slug":"mini-elektriskais-skuveklis-precizai-un-atrai-skusanai","status":"publish","type":"product","link":"https:\/\/linoexpress.com\/lv\/proizvod\/mini-elektriskais-skuveklis-precizai-un-atrai-skusanai\/","title":{"rendered":"Mini elektriskais skuveklis prec\u012bzai un \u0101trai sk\u016b\u0161anai"},"content":{"rendered":"","protected":false},"excerpt":{"rendered":"<p>Mini elektriskais skuveklis nodro\u0161ina \u0101tru, k\u0101rt\u012bgu un vienm\u0113r\u012bgu sk\u016b\u0161anos bez \u0101das kairin\u0101juma. Pateicoties jaud\u012bgam motoram un prec\u012bz\u0101m asme\u0146iem, tas viegli no\u0146em mati\u0146us bez vilk\u0161anas. Ide\u0101li piem\u0113rots ikdienas k\u0101rt\u012bbas uztur\u0113\u0161anai m\u0101j\u0101s vai ce\u013c\u0101.<\/p>\n","protected":false},"featured_media":12500,"comment_status":"closed","ping_status":"closed","template":"","meta":{"inline_featured_image":false},"product_brand":[],"product_cat":[25,35,15],"product_tag":[],"class_list":{"0":"post-12499","1":"product","2":"type-product","3":"status-publish","4":"has-post-thumbnail","6":"product_cat-car","7":"product_cat-fun","8":"product_cat-uncategorized","10":"first","11":"instock","12":"sale","13":"taxable","14":"shipping-taxable","15":"purchasable","16":"product-type-simple"},"acf":[],"_links":{"self":[{"href":"https:\/\/linoexpress.com\/lv\/wp-json\/wp\/v2\/product\/12499","targetHints":{"allow":["GET"]}}],"collection":[{"href":"https:\/\/linoexpress.com\/lv\/wp-json\/wp\/v2\/product"}],"about":[{"href":"https:\/\/linoexpress.com\/lv\/wp-json\/wp\/v2\/types\/product"}],"replies":[{"embeddable":true,"href":"https:\/\/linoexpress.com\/lv\/wp-json\/wp\/v2\/comments?post=12499"}],"wp:featuredmedia":[{"embeddable":true,"href":"https:\/\/linoexpress.com\/lv\/wp-json\/wp\/v2\/media\/12500"}],"wp:attachment":[{"href":"https:\/\/linoexpress.com\/lv\/wp-json\/wp\/v2\/media?parent=12499"}],"wp:term":[{"taxonomy":"product_brand","embeddable":true,"href":"https:\/\/linoexpress.com\/lv\/wp-json\/wp\/v2\/product_brand?post=12499"},{"taxonomy":"product_cat","embeddable":true,"href":"https:\/\/linoexpress.com\/lv\/wp-json\/wp\/v2\/product_cat?post=12499"},{"taxonomy":"product_tag","embeddable":true,"href":"https:\/\/linoexpress.com\/lv\/wp-json\/wp\/v2\/product_tag?post=12499"}],"curies":[{"name":"wp","href":"https:\/\/api.w.org\/{rel}","templated":true}]}}