{"id":12555,"date":"2026-03-16T11:20:26","date_gmt":"2026-03-16T10:20:26","guid":{"rendered":"https:\/\/linoexpress.com\/lv\/proizvod\/catty-puppy-product\/"},"modified":"2026-03-16T11:44:56","modified_gmt":"2026-03-16T10:44:56","slug":"gudrais-interaktivais-majdzivnieks-berniem-suns-vai-kakis","status":"publish","type":"product","link":"https:\/\/linoexpress.com\/lv\/proizvod\/gudrais-interaktivais-majdzivnieks-berniem-suns-vai-kakis\/","title":{"rendered":"Gudrais interakt\u012bvais m\u0101jdz\u012bvnieks b\u0113rniem &#8211; Suns vai Ka\u0137is"},"content":{"rendered":"","protected":false},"excerpt":{"rendered":"<p>Interakt\u012bvais pl\u012b\u0161a m\u0101jdz\u012bvnieks b\u0113rniem pied\u0101v\u0101 jautru un aizraujo\u0161u sp\u0113li, izmantojot kust\u012bbas un ska\u0146as. M\u012bkstais materi\u0101ls un simp\u0101tiskais dizains padara to par ide\u0101lu draugu ikdienas rota\u013c\u0101m un sp\u0113l\u0113m. Pieejams su\u0146a vai ka\u0137a variant\u0101, t\u0101p\u0113c katrs b\u0113rns var izv\u0113l\u0113ties savu iecien\u012bt\u0101ko m\u0101jdz\u012bvnieku.<\/p>\n","protected":false},"featured_media":12556,"comment_status":"closed","ping_status":"closed","template":"","meta":{"inline_featured_image":false},"product_brand":[],"product_cat":[24,35,28,15],"product_tag":[],"class_list":{"0":"post-12555","1":"product","2":"type-product","3":"status-publish","4":"has-post-thumbnail","6":"product_cat-sale","7":"product_cat-fun","8":"product_cat-beauty","9":"product_cat-uncategorized","11":"first","12":"instock","13":"sale","14":"taxable","15":"shipping-taxable","16":"purchasable","17":"product-type-variable"},"acf":[],"_links":{"self":[{"href":"https:\/\/linoexpress.com\/lv\/wp-json\/wp\/v2\/product\/12555","targetHints":{"allow":["GET"]}}],"collection":[{"href":"https:\/\/linoexpress.com\/lv\/wp-json\/wp\/v2\/product"}],"about":[{"href":"https:\/\/linoexpress.com\/lv\/wp-json\/wp\/v2\/types\/product"}],"replies":[{"embeddable":true,"href":"https:\/\/linoexpress.com\/lv\/wp-json\/wp\/v2\/comments?post=12555"}],"wp:featuredmedia":[{"embeddable":true,"href":"https:\/\/linoexpress.com\/lv\/wp-json\/wp\/v2\/media\/12556"}],"wp:attachment":[{"href":"https:\/\/linoexpress.com\/lv\/wp-json\/wp\/v2\/media?parent=12555"}],"wp:term":[{"taxonomy":"product_brand","embeddable":true,"href":"https:\/\/linoexpress.com\/lv\/wp-json\/wp\/v2\/product_brand?post=12555"},{"taxonomy":"product_cat","embeddable":true,"href":"https:\/\/linoexpress.com\/lv\/wp-json\/wp\/v2\/product_cat?post=12555"},{"taxonomy":"product_tag","embeddable":true,"href":"https:\/\/linoexpress.com\/lv\/wp-json\/wp\/v2\/product_tag?post=12555"}],"curies":[{"name":"wp","href":"https:\/\/api.w.org\/{rel}","templated":true}]}}