{"id":12572,"date":"2026-03-27T09:27:41","date_gmt":"2026-03-27T08:27:41","guid":{"rendered":"https:\/\/linoexpress.com\/lv\/proizvod\/reflexpro-product\/"},"modified":"2026-04-06T12:58:44","modified_gmt":"2026-04-06T10:58:44","slug":"refleksu-maiss-atruma-un-speka-treniniem","status":"publish","type":"product","link":"https:\/\/linoexpress.com\/lv\/proizvod\/refleksu-maiss-atruma-un-speka-treniniem\/","title":{"rendered":"Refleksu maiss \u0101truma un sp\u0113ka treni\u0146iem"},"content":{"rendered":"","protected":false},"excerpt":{"rendered":"<p>Uzlabojiet savus refleksus, \u0101trumu un koordin\u0101ciju ar inovat\u012bvo refleksu maisu, kas izstr\u0101d\u0101ts maksim\u0101lai veiktsp\u0113jai. Pateicoties stabilajai vakuuma b\u0101zei un gudrajam dizainam, tas \u013cauj intens\u012bvi tren\u0113ties bez p\u0101rvieto\u0161an\u0101s un trok\u0161\u0146a. Ide\u0101li piem\u0113rots m\u0101jas lieto\u0161anai, sporta z\u0101l\u0113m un visiem lietot\u0101ju l\u012bme\u0146iem, no ies\u0101c\u0113jiem l\u012bdz profesion\u0101\u013ciem.<\/p>\n","protected":false},"featured_media":12573,"comment_status":"closed","ping_status":"closed","template":"","meta":{"inline_featured_image":false},"product_brand":[],"product_cat":[24,35,27,15],"product_tag":[],"class_list":{"0":"post-12572","1":"product","2":"type-product","3":"status-publish","4":"has-post-thumbnail","6":"product_cat-sale","7":"product_cat-fun","8":"product_cat-home","9":"product_cat-uncategorized","11":"first","12":"instock","13":"sale","14":"taxable","15":"shipping-taxable","16":"purchasable","17":"product-type-simple"},"acf":[],"_links":{"self":[{"href":"https:\/\/linoexpress.com\/lv\/wp-json\/wp\/v2\/product\/12572","targetHints":{"allow":["GET"]}}],"collection":[{"href":"https:\/\/linoexpress.com\/lv\/wp-json\/wp\/v2\/product"}],"about":[{"href":"https:\/\/linoexpress.com\/lv\/wp-json\/wp\/v2\/types\/product"}],"replies":[{"embeddable":true,"href":"https:\/\/linoexpress.com\/lv\/wp-json\/wp\/v2\/comments?post=12572"}],"wp:featuredmedia":[{"embeddable":true,"href":"https:\/\/linoexpress.com\/lv\/wp-json\/wp\/v2\/media\/12573"}],"wp:attachment":[{"href":"https:\/\/linoexpress.com\/lv\/wp-json\/wp\/v2\/media?parent=12572"}],"wp:term":[{"taxonomy":"product_brand","embeddable":true,"href":"https:\/\/linoexpress.com\/lv\/wp-json\/wp\/v2\/product_brand?post=12572"},{"taxonomy":"product_cat","embeddable":true,"href":"https:\/\/linoexpress.com\/lv\/wp-json\/wp\/v2\/product_cat?post=12572"},{"taxonomy":"product_tag","embeddable":true,"href":"https:\/\/linoexpress.com\/lv\/wp-json\/wp\/v2\/product_tag?post=12572"}],"curies":[{"name":"wp","href":"https:\/\/api.w.org\/{rel}","templated":true}]}}