{"id":12599,"date":"2026-04-24T00:10:16","date_gmt":"2026-04-23T22:10:16","guid":{"rendered":"https:\/\/linoexpress.com\/lv\/proizvod\/magicshelf-product\/"},"modified":"2026-04-24T00:48:53","modified_gmt":"2026-04-23T22:48:53","slug":"diskreta-drosibas-plaukts","status":"publish","type":"product","link":"https:\/\/linoexpress.com\/lv\/proizvod\/diskreta-drosibas-plaukts\/","title":{"rendered":"Diskr\u0113ta dro\u0161\u012bbas plaukts"},"content":{"rendered":"","protected":false},"excerpt":{"rendered":"<p>Diskr\u0113ti pasl\u0113piet savas v\u0113rt\u012bbas viet\u0101, kur neviens t\u0101s negaida &#8211; elegant\u0101 sienas plaukt\u0101. Praktiskuma un dro\u0161\u012bbas apvienojums \u013cauj jums organiz\u0113t telpu, vienlaikus aizsarg\u0101jot to, kas jums ir vissvar\u012bg\u0101kais. M\u016bsdien\u012bgs dizains iederas jebkur\u0101 interjer\u0101 un atst\u0101j grezn\u012bbas un gudra risin\u0101juma iespaidu.<\/p>\n","protected":false},"featured_media":12600,"comment_status":"closed","ping_status":"closed","template":"","meta":{"inline_featured_image":false},"product_brand":[],"product_cat":[24,27,15,26],"product_tag":[],"class_list":{"0":"post-12599","1":"product","2":"type-product","3":"status-publish","4":"has-post-thumbnail","6":"product_cat-sale","7":"product_cat-home","8":"product_cat-uncategorized","9":"product_cat-health","11":"first","12":"instock","13":"sale","14":"taxable","15":"shipping-taxable","16":"purchasable","17":"product-type-simple"},"acf":[],"_links":{"self":[{"href":"https:\/\/linoexpress.com\/lv\/wp-json\/wp\/v2\/product\/12599","targetHints":{"allow":["GET"]}}],"collection":[{"href":"https:\/\/linoexpress.com\/lv\/wp-json\/wp\/v2\/product"}],"about":[{"href":"https:\/\/linoexpress.com\/lv\/wp-json\/wp\/v2\/types\/product"}],"replies":[{"embeddable":true,"href":"https:\/\/linoexpress.com\/lv\/wp-json\/wp\/v2\/comments?post=12599"}],"wp:featuredmedia":[{"embeddable":true,"href":"https:\/\/linoexpress.com\/lv\/wp-json\/wp\/v2\/media\/12600"}],"wp:attachment":[{"href":"https:\/\/linoexpress.com\/lv\/wp-json\/wp\/v2\/media?parent=12599"}],"wp:term":[{"taxonomy":"product_brand","embeddable":true,"href":"https:\/\/linoexpress.com\/lv\/wp-json\/wp\/v2\/product_brand?post=12599"},{"taxonomy":"product_cat","embeddable":true,"href":"https:\/\/linoexpress.com\/lv\/wp-json\/wp\/v2\/product_cat?post=12599"},{"taxonomy":"product_tag","embeddable":true,"href":"https:\/\/linoexpress.com\/lv\/wp-json\/wp\/v2\/product_tag?post=12599"}],"curies":[{"name":"wp","href":"https:\/\/api.w.org\/{rel}","templated":true}]}}