{"id":9647,"date":"2023-05-16T12:35:40","date_gmt":"2023-05-16T10:35:40","guid":{"rendered":"https:\/\/linoexpress.com\/lv\/?post_type=product&#038;p=9647"},"modified":"2025-04-22T19:15:27","modified_gmt":"2025-04-22T17:15:27","slug":"prenosna-mini-kamera","status":"publish","type":"product","link":"https:\/\/linoexpress.com\/lv\/proizvod\/prenosna-mini-kamera\/","title":{"rendered":"P\u0101rn\u0113s\u0101jama mini kamera"},"content":{"rendered":"","protected":false},"excerpt":{"rendered":"<p>Mini p\u0101rn\u0113s\u0101jama kamera ar izcilu fokusu un iz\u0161\u0137irtsp\u0113ju, p\u0101rn\u0113s\u0101jama un \u0113rti lietojama.<\/p>\n","protected":false},"featured_media":11491,"comment_status":"closed","ping_status":"closed","template":"","meta":{"inline_featured_image":false},"product_brand":[],"product_cat":[27,15],"product_tag":[],"class_list":{"0":"post-9647","1":"product","2":"type-product","3":"status-publish","4":"has-post-thumbnail","6":"product_cat-home","7":"product_cat-uncategorized","9":"first","10":"instock","11":"sale","12":"taxable","13":"shipping-taxable","14":"purchasable","15":"product-type-simple"},"acf":[],"_links":{"self":[{"href":"https:\/\/linoexpress.com\/lv\/wp-json\/wp\/v2\/product\/9647","targetHints":{"allow":["GET"]}}],"collection":[{"href":"https:\/\/linoexpress.com\/lv\/wp-json\/wp\/v2\/product"}],"about":[{"href":"https:\/\/linoexpress.com\/lv\/wp-json\/wp\/v2\/types\/product"}],"replies":[{"embeddable":true,"href":"https:\/\/linoexpress.com\/lv\/wp-json\/wp\/v2\/comments?post=9647"}],"wp:featuredmedia":[{"embeddable":true,"href":"https:\/\/linoexpress.com\/lv\/wp-json\/wp\/v2\/media\/11491"}],"wp:attachment":[{"href":"https:\/\/linoexpress.com\/lv\/wp-json\/wp\/v2\/media?parent=9647"}],"wp:term":[{"taxonomy":"product_brand","embeddable":true,"href":"https:\/\/linoexpress.com\/lv\/wp-json\/wp\/v2\/product_brand?post=9647"},{"taxonomy":"product_cat","embeddable":true,"href":"https:\/\/linoexpress.com\/lv\/wp-json\/wp\/v2\/product_cat?post=9647"},{"taxonomy":"product_tag","embeddable":true,"href":"https:\/\/linoexpress.com\/lv\/wp-json\/wp\/v2\/product_tag?post=9647"}],"curies":[{"name":"wp","href":"https:\/\/api.w.org\/{rel}","templated":true}]}}