{"id":100,"date":"2020-10-28T10:57:15","date_gmt":"2020-10-28T10:57:15","guid":{"rendered":"https:\/\/shopium.eu\/rs\/?page_id=100"},"modified":"2023-09-15T10:49:22","modified_gmt":"2023-09-15T08:49:22","slug":"zasady-i-warunki","status":"publish","type":"page","link":"https:\/\/linoexpress.com\/pl\/zasady-i-warunki\/","title":{"rendered":"Zasady i warunki"},"content":{"rendered":"<p><strong>Og\u00f3lne warunki handlowe<\/strong><\/p>\n<p>Linoexpress.com\/ (dalej \u201emy\u201d, \u201enas\u201d, \u201enasz\u201d, \u201enaszej\u201d, \u201enaszemu\u201d itp.) jest sklepem internetowym nale\u017c\u0105cym do ECTCEU doo. (dalej \u201emy\u201d, \u201enas\u201d, \u201enasz\u201d, \u201enaszej\u201d, \u201enaszemu\u201d itp.), kt\u00f3ry dzia\u0142a zgodnie z Ustaw\u0105 o handlu elektronicznym i wszystkimi innymi obowi\u0105zuj\u0105cymi przepisami i regulacjami w Unii Europejskiej. Odwiedzaj\u0105c lub kupuj\u0105c w naszym sklepie internetowym, akceptujesz poni\u017csze warunki u\u017cytkowania. Prosimy o uwa\u017cne przeczytanie i zapoznanie si\u0119 z zasadami, kt\u00f3re stosujemy. Zastrzegamy sobie prawo do wprowadzania zmian i poprawek do niniejszych Warunk\u00f3w u\u017cytkowania bez wcze\u015bniejszego powiadomienia.<\/p>\n<p><strong>O\u015bwiadczenie o ochronie prywatno\u015bci <\/strong><\/p>\n<p>W imieniu naszego Sklepu internetowego zobowi\u0105zujemy si\u0119 do ochrony prywatno\u015bci wszystkich naszych Klient\u00f3w zgodnie z przepisami prawa (RODO) Unii Europejskiej oraz przepisami prawa miejscowego. Gromadzimy tylko niezb\u0119dne, podstawowe dane o klientach\/u\u017cytkownikach oraz dane niezb\u0119dne do prowadzenia dzia\u0142alno\u015bci i informowania u\u017cytkownik\u00f3w zgodnie z dobrymi praktykami biznesowymi oraz w celu \u015bwiadczenia wysokiej jako\u015bci us\u0142ug. Dajemy klientom mo\u017cliwo\u015b\u0107 wyboru, w tym mo\u017cliwo\u015b\u0107 decydowania, czy chc\u0105 zosta\u0107 usuni\u0119ci z list mailingowych u\u017cywanych w kampaniach marketingowych. Wszystkie dane u\u017cytkownik\u00f3w\/klient\u00f3w s\u0105 \u015bci\u015ble przechowywane i s\u0105 dost\u0119pne tylko dla pracownik\u00f3w, kt\u00f3rym te dane s\u0105 niezb\u0119dne do wykonywania swojej pracy. Wszyscy pracownicy naszej firmy (oraz partnerzy biznesowi) s\u0105 odpowiedzialni za przestrzeganie zasad ochrony prywatno\u015bci.<\/p>\n<p><strong>Ceny<\/strong><\/p>\n<p>Wszystkie ceny produkt\u00f3w podane na stronie zawieraj\u0105 podatek VAT. Zobowi\u0105zujemy si\u0119 honorow\u0105 cen\u0119, po kt\u00f3rej zosta\u0142o z\u0142o\u017cone zam\u00f3wienie, niezale\u017cnie od tego, czy cena produktu uleg\u0142a zmianie od czasu utworzenia zam\u00f3wienia. Mamy jednak prawo do anulowania zam\u00f3wienia, wysy\u0142aj\u0105c konsumentowi powiadomienie e-mail, je\u015bli wyst\u0105pi\u0142 powa\u017cny b\u0142\u0105d podczas ustalania ceny na stronie. Ka\u017cdy klient otrzymuje faktur\u0119 w formie elektronicznej w momencie zakupu na adres e-mail, podany podczas sk\u0142adania zam\u00f3wienia.<\/p>\n<p>&nbsp;<\/p>\n<p><strong>Dostawa<\/strong><\/p>\n<p>Wszystkie produkty prezentowane na naszej stronie internetowej znajduj\u0105 si\u0119 w naszym magazynie. Kupuj\u0105cy przy zakupie zobowi\u0105zany jest do pokrycia koszt\u00f3w przesy\u0142ki, z wyj\u0105tkiem poszczeg\u00f3lnych produkt\u00f3w, przy kt\u00f3rych widnieje informacja: \u201eprzesy\u0142ka w cenie\u201d lub \u201edarmowa dostawa\u201d. Przy realizacji zam\u00f3wie\u0144 korzystamy z us\u0142ug firm kurierskich GLS i Packet. Podpisali\u015bmy umow\u0119 o wsp\u00f3\u0142pracy biznesowej ze wszystkimi wy\u017cej wymienionymi us\u0142ugami kurierskimi. Czas dostawy zam\u00f3wionych produkt\u00f3w wynosi od 2 do 5 dni roboczych (w zwi\u0105zku z sytuacj\u0105 COVID-19 czas dostawy mo\u017ce by\u0107 nieco wyd\u0142u\u017cony). Zam\u00f3wione produkty s\u0105 dostarczane na adres, kt\u00f3ry zosta\u0142 podany jako adres dostawy.<\/p>\n<p>&nbsp;<\/p>\n<p><strong>W\u0142asno\u015b\u0107 intelektualna <\/strong><\/p>\n<p>Tre\u015bci wy\u015bwietlane na tej witrynie, takie jak strony, elementy projektu (przyciski, ikony itp.), teksty, zdj\u0119cia, logo, nagrania audio i oprogramowanie s\u0105 nasz\u0105 w\u0142asno\u015bci\u0105 lub w\u0142asno\u015bci\u0105 naszych partner\u00f3w i nie mog\u0105 by\u0107 wykorzystywane bez naszej uprzedniej zgody. Je\u015bli uwa\u017casz, \u017ce tre\u015bci na naszej stronie internetowej nale\u017c\u0105 do Ciebie i zosta\u0142y niew\u0142a\u015bciwie wykorzystane, skontaktuj si\u0119 z nami w celu ustalenia w\u0142asno\u015bci intelektualnej. Wszystkie informacje dost\u0119pne na stronie s\u0142u\u017c\u0105 wy\u0142\u0105cznie celom informacyjnym, nie mog\u0105 by\u0107 wykorzystywane do cel\u00f3w komercyjnych ani rozpowszechniane osobom trzecim<\/p>\n<p>&nbsp;<\/p>\n<p>&nbsp;<\/p>\n<p><strong>Komentarze, komunikacja i inne tre\u015bci pozostawione przez odwiedzaj\u0105cych<\/strong><\/p>\n<p>Odwiedzaj\u0105cy mog\u0105 komentowa\u0107 produkty i wysy\u0142a\u0107 wiadomo\u015bci na nasz adres e-mail. Mamy prawo nie publikowa\u0107 komentarzy, kt\u00f3re s\u0105 z\u0142o\u015bliwe, zawieraj\u0105 obsceniczne wypowiedzi, szerz\u0105 nienawi\u015b\u0107 i w jakikolwiek spos\u00f3b zagra\u017caj\u0105 prawom innych os\u00f3b. Takie komentarze zostan\u0105 usuni\u0119te bez wcze\u015bniejszego powiadomienia. Podszywanie si\u0119 pod inne osoby i rejestracja przy u\u017cyciu cudzego adresu e-mail jest niedozwolona. Mo\u017cemy wszcz\u0105\u0107 odpowiednie post\u0119powanie s\u0105dowe przeciwko takim dzia\u0142aniom<\/p>\n<p>&nbsp;<\/p>\n<p><strong>Opisy produktu.<\/strong><\/p>\n<p>W naszym interesie jest jak najdok\u0142adniejsze opisanie wszystkich produkt\u00f3w. Nie gwarantujemy jednak, \u017ce wszystkie podane informacje dotycz\u0105ce produktu s\u0105 dok\u0142adne, kompletne, rzetelne i wolne od b\u0142\u0119d\u00f3w. Je\u015bli zakupiony produkt odbiega od opisu podanego na stronie, kupiec ma prawo go zwr\u00f3ci\u0107 w stanie nieuszkodzonym wraz z kompletnym wyposa\u017ceniem, kt\u00f3re do niego do\u0142\u0105czono, a my dokonamy zwrotu pieni\u0119dzy.<\/p>\n<p>&nbsp;<\/p>\n<p><strong>Godziny pracy<\/strong><\/p>\n<p>Pracujemy w godzinach 9-17, 5 dni w tygodniu (poniedzia\u0142ek, wtorek, \u015broda, czwartek, pi\u0105tek). W przypadku problem\u00f3w technicznych lub podczas regularnej konserwacji strona przez kr\u00f3tki czas mo\u017ce by\u0107 niedost\u0119pna, o czym uprzednio informujemy.<\/p>\n<p>&nbsp;<\/p>\n<p><strong>Zmiana (aktualizacja) danych na stronie internetowej<\/strong><\/p>\n<p>Zastrzegamy sobie prawo do zmiany informacji wy\u015bwietlanych na dowolnej stronie serwisu w dowolnym momencie, bez wcze\u015bniejszego powiadomienia. Osoby odwiedzaj\u0105ce serwis nie maj\u0105 prawa do jednostronnej zmiany warunk\u00f3w korzystania, a ewentualna zmiana jest niewa\u017cna, chyba \u017ce obie strony uzgodni\u0105 to na pi\u015bmie.<\/p>\n<p>&nbsp;<\/p>\n<p><strong>Informacje dodatkowe<\/strong><\/p>\n<p>Cz\u0119\u015bciowa lub ca\u0142kowita niemo\u017cno\u015b\u0107 zastosowania lub niezgodno\u015b\u0107 z prawem niekt\u00f3rych niniejszych postanowie\u0144 Warunk\u00f3w u\u017cytkowania nie wp\u0142ynie na wa\u017cno\u015b\u0107 innych postanowie\u0144, kt\u00f3re pozostaj\u0105 w mocy jako ca\u0142o\u015b\u0107. Niew\u0142a\u015bciwe lub niezgodne z prawem postanowienie zostanie zast\u0105pione innym odpowiednim przepisem. U\u017cytkownik wyra\u017ca zgod\u0119, \u017ce nie mo\u017ce przenosi\u0107 swoich praw i obowi\u0105zk\u00f3w wynikaj\u0105cych z niniejszych Warunk\u00f3w u\u017cytkowania na osoby trzecie bez naszej wyra\u017anej pisemnej zgody.<\/p>\n<p>&nbsp;<\/p>\n","protected":false},"excerpt":{"rendered":"<p>Og\u00f3lne warunki handlowe Linoexpress.com\/ (dalej \u201emy\u201d, \u201enas\u201d, \u201enasz\u201d, \u201enaszej\u201d, \u201enaszemu\u201d itp.) jest sklepem internetowym nale\u017c\u0105cym do ECTCEU doo. (dalej \u201emy\u201d, \u201enas\u201d, \u201enasz\u201d, \u201enaszej\u201d, \u201enaszemu\u201d itp.), kt\u00f3ry dzia\u0142a zgodnie z Ustaw\u0105 o handlu elektronicznym i wszystkimi innymi obowi\u0105zuj\u0105cymi przepisami i regulacjami w Unii Europejskiej. Odwiedzaj\u0105c lub kupuj\u0105c w naszym sklepie internetowym, akceptujesz poni\u017csze warunki u\u017cytkowania. Prosimy &hellip; <a href=\"https:\/\/linoexpress.com\/pl\/zasady-i-warunki\/\">Continued<\/a><\/p>\n","protected":false},"author":1,"featured_media":0,"parent":0,"menu_order":0,"comment_status":"closed","ping_status":"closed","template":"","meta":{"inline_featured_image":false,"footnotes":""},"class_list":["post-100","page","type-page","status-publish","hentry"],"acf":[],"_links":{"self":[{"href":"https:\/\/linoexpress.com\/pl\/wp-json\/wp\/v2\/pages\/100","targetHints":{"allow":["GET"]}}],"collection":[{"href":"https:\/\/linoexpress.com\/pl\/wp-json\/wp\/v2\/pages"}],"about":[{"href":"https:\/\/linoexpress.com\/pl\/wp-json\/wp\/v2\/types\/page"}],"author":[{"embeddable":true,"href":"https:\/\/linoexpress.com\/pl\/wp-json\/wp\/v2\/users\/1"}],"replies":[{"embeddable":true,"href":"https:\/\/linoexpress.com\/pl\/wp-json\/wp\/v2\/comments?post=100"}],"version-history":[{"count":9,"href":"https:\/\/linoexpress.com\/pl\/wp-json\/wp\/v2\/pages\/100\/revisions"}],"predecessor-version":[{"id":13889,"href":"https:\/\/linoexpress.com\/pl\/wp-json\/wp\/v2\/pages\/100\/revisions\/13889"}],"wp:attachment":[{"href":"https:\/\/linoexpress.com\/pl\/wp-json\/wp\/v2\/media?parent=100"}],"curies":[{"name":"wp","href":"https:\/\/api.w.org\/{rel}","templated":true}]}}