{"id":102,"date":"2020-10-28T10:57:38","date_gmt":"2020-10-28T10:57:38","guid":{"rendered":"https:\/\/shopium.eu\/rs\/?page_id=102"},"modified":"2022-07-01T09:20:50","modified_gmt":"2022-07-01T07:20:50","slug":"reklamacje-i-wymiana-towarow","status":"publish","type":"page","link":"https:\/\/linoexpress.com\/pl\/reklamacje-i-wymiana-towarow\/","title":{"rendered":"Reklamacje i wymiana towar\u00f3w"},"content":{"rendered":"<p><strong>REKLAMACJE I WYMIANA TOWARU<\/strong><br \/>\n<strong>Reklamacje<\/strong><br \/>\nW przypadku jakichkolwiek reklamacji dotycz\u0105cych produktu lub naszych us\u0142ug, prosimy o kontakt (pl@linoexpress.com). Mog\u0105 Pa\u0144stwo mie\u0107 pewno\u015b\u0107 si\u0119, \u017ce jeste\u015bmy gotowi i potrafimy rozwi\u0105za\u0107 ka\u017cd\u0105 zaistnia\u0142\u0105 sytuacj\u0119. Reklamacji nie podlegaj\u0105 produkty, kt\u00f3re maj\u0105 bezpo\u015bredni kontakt ze sk\u00f3r\u0105, z\u0119bami lub intymnymi cz\u0119\u015bciami cia\u0142a. Zwrotom nie podlegaj\u0105 r\u00f3wnie\u017c produkty nosz\u0105ce wyra\u017ane \u015blady u\u017cytkowania!<\/p>\n<p>Zwrot pieni\u0119dzy lub wymiana produktu<br \/>\nW ci\u0105gu 14 dni od zakupu produktu kupiec ma mo\u017cliwo\u015b\u0107 wymiany zakupionego towaru. Produkt mo\u017cna wymieni\u0107 na inny lub za\u017c\u0105da\u0107 zwrotu pieni\u0119dzy.<br \/>\nProdukt nie mo\u017ce by\u0107 uszkodzony i musi by\u0107 zwr\u00f3cony w oryginalnym i nieuszkodzonym opakowaniu wraz z ca\u0142ym dostarczonym wyposa\u017ceniem. <strong>W przeciwnym razie reklamacja zostanie odrzucona lub jedynie cz\u0119\u015bciowo uznana!<\/strong><br \/>\nW ci\u0105gu 14 dni od otrzymania przesy\u0142ki kupiec mo\u017ce powiadomi\u0107 nas pisemnie e-mailem (pl@linoexpress.com) o odst\u0105pieniu od umowy i poda\u0107 swoje dane oraz numer przesy\u0142ki lub przes\u0142a\u0107 nam otrzyman\u0105 faktur\u0119 elektroniczn\u0105 na adres e-mail podany podczas dokonywania zakupu, aby\u015bmy mogli zidentyfikowa\u0107 zam\u00f3wienie. W mi\u0119dzyczasie mo\u017cna tutaj wype\u0142ni\u0107 formularz, kt\u00f3ry nale\u017cy wype\u0142ni\u0107 i w ci\u0105gu 14 dni odes\u0142a\u0107 produkt na nasz adres: (adresy podamy)<\/p>\n<p data-pm-slice=\"1 1 []\"><strong>ECTCEU d.o.o., Kamni\u0161ka cesta 24, 1235 Radomlje, Slovenia<\/strong><\/p>\n<p><strong>Mail, na kt\u00f3ry nale\u017cy napisa\u0107 w przypadku reklamacji lub wymiany<\/strong>: pl@linoexpress.com<br \/>\nZwrot pieni\u0119dzy nast\u0119puje po otrzymaniu przesy\u0142ki zwrotnej!<br \/>\nFormularz wymiany produktu: <a href=\"https:\/\/bit.ly\/2DfbXzn\">https:\/\/bit.ly\/<\/a><br \/>\nFormularz zwrotu: <a href=\"https:\/\/docs.google.com\/forms\/d\/1P_T-5ZfzEQe49ZtnJlKTvbo25qa208onycePm8arl2Q\/edit\">https:\/\/bitly\/<\/a><br \/>\n<strong>Uwagi:<\/strong><br \/>\nKoszty przesy\u0142ki ponosi nadawca. Nie przyjmujemy przesy\u0142ek za pobraniem! W przypadku niewype\u0142nienia formularza odst\u0105pienia od umowy w ci\u0105gu 14 dni od odebrania przesy\u0142ki, zwrot pieni\u0119dzy lub wymiana towaru nie s\u0105 mo\u017cliwe! W ci\u0105gu 8 dni roboczych od otrzymania paczki produkt zostanie wymieniony lub dokonany zostanie zwrot pieni\u0119dzy.<\/p>\n","protected":false},"excerpt":{"rendered":"<p>REKLAMACJE I WYMIANA TOWARU Reklamacje W przypadku jakichkolwiek reklamacji dotycz\u0105cych produktu lub naszych us\u0142ug, prosimy o kontakt (pl@linoexpress.com). Mog\u0105 Pa\u0144stwo mie\u0107 pewno\u015b\u0107 si\u0119, \u017ce jeste\u015bmy gotowi i potrafimy rozwi\u0105za\u0107 ka\u017cd\u0105 zaistnia\u0142\u0105 sytuacj\u0119. Reklamacji nie podlegaj\u0105 produkty, kt\u00f3re maj\u0105 bezpo\u015bredni kontakt ze sk\u00f3r\u0105, z\u0119bami lub intymnymi cz\u0119\u015bciami cia\u0142a. Zwrotom nie podlegaj\u0105 r\u00f3wnie\u017c produkty nosz\u0105ce wyra\u017ane \u015blady &hellip; <a href=\"https:\/\/linoexpress.com\/pl\/reklamacje-i-wymiana-towarow\/\">Continued<\/a><\/p>\n","protected":false},"author":1,"featured_media":0,"parent":0,"menu_order":0,"comment_status":"closed","ping_status":"closed","template":"","meta":{"inline_featured_image":false,"footnotes":""},"class_list":["post-102","page","type-page","status-publish","hentry"],"acf":[],"_links":{"self":[{"href":"https:\/\/linoexpress.com\/pl\/wp-json\/wp\/v2\/pages\/102","targetHints":{"allow":["GET"]}}],"collection":[{"href":"https:\/\/linoexpress.com\/pl\/wp-json\/wp\/v2\/pages"}],"about":[{"href":"https:\/\/linoexpress.com\/pl\/wp-json\/wp\/v2\/types\/page"}],"author":[{"embeddable":true,"href":"https:\/\/linoexpress.com\/pl\/wp-json\/wp\/v2\/users\/1"}],"replies":[{"embeddable":true,"href":"https:\/\/linoexpress.com\/pl\/wp-json\/wp\/v2\/comments?post=102"}],"version-history":[{"count":11,"href":"https:\/\/linoexpress.com\/pl\/wp-json\/wp\/v2\/pages\/102\/revisions"}],"predecessor-version":[{"id":3148,"href":"https:\/\/linoexpress.com\/pl\/wp-json\/wp\/v2\/pages\/102\/revisions\/3148"}],"wp:attachment":[{"href":"https:\/\/linoexpress.com\/pl\/wp-json\/wp\/v2\/media?parent=102"}],"curies":[{"name":"wp","href":"https:\/\/api.w.org\/{rel}","templated":true}]}}