{"id":104,"date":"2020-10-28T10:57:46","date_gmt":"2020-10-28T10:57:46","guid":{"rendered":"https:\/\/shopium.eu\/rs\/?page_id=104"},"modified":"2021-01-08T16:57:11","modified_gmt":"2021-01-08T15:57:11","slug":"o-nas","status":"publish","type":"page","link":"https:\/\/linoexpress.com\/pl\/o-nas\/","title":{"rendered":"O nas"},"content":{"rendered":"<p><strong>Nasze my\u015blenie przez pryzmat MARKI &#8211; kim jeste\u015bmy i dlaczego istniejemy tak d\u0142ugo?<\/strong><\/p>\n<p>W dzisiejszym zabieganym stylu \u017cycia ka\u017cdy biznes opiera si\u0119 g\u0142\u00f3wnie na osi\u0105gni\u0119ciu jak najwi\u0119kszych zysk\u00f3w. Ale wszystko si\u0119 zmienia wraz z dynamicznymi zmianami na \u015bwiecie i sam zysk ju\u017c nie jest wystarczaj\u0105cym celem. Czasami najlepiej jest spojrze\u0107 na rzeczy z innego punktu widzenia, cz\u0119sto bardziej realistycznie, aby zobaczy\u0107, co jest naprawd\u0119 potrzebne, aby wej\u015b\u0107 na wy\u017cszy poziom. W zwi\u0105zku z tym w 2018 roku rozpocz\u0119li\u015bmy badania rynkowe, a przeprowadzone ankiety mia\u0142y na celu odkrycie, czego ludzie tak naprawd\u0119 najbardziej potrzebuj\u0105 w ich codziennym \u017cyciu i odpowiednio dostosowali\u015bmy nasz model biznesowy.<\/p>\n<p><strong>Nasz cel:<\/strong><\/p>\n<p>\u015awiatowy rynek internetowy jest zalewany niesko\u0144czon\u0105 liczb\u0105 produkt\u00f3w, kt\u00f3re s\u0105 oferowane ze wszystkich stron, a samo ich zamawianie to du\u017cy problem i ba\u0142agan, dlatego ludzie cz\u0119sto maj\u0105 opory przed dokonywaniem zakup\u00f3w online. Trudno jest rozr\u00f3\u017cni\u0107, kt\u00f3ry sklep internetowy ma dobrze rozwini\u0119ty model biznesowy i organizacj\u0119 na wysokim poziomie, gdzie priorytetem jest klient i bezpieczne zakupy!<br \/>\nTo wszystko nie powinno by\u0107 powodem, dla kt\u00f3rego odmawiamy sobie rado\u015bci z kupowania rzeczy, kt\u00f3re s\u0105 dost\u0119pne tylko online. I w\u0142a\u015bnie dlatego tu jeste\u015bmy, poniewa\u017c s\u0142u\u017cymy Ci jako filtr i bezpieczna opcja dla ludzi ciekawych \u015bwiata, takich jak my.<br \/>\nW zgodzie z globalnym rynkiem internetowym, kt\u00f3ry stale monitorujemy, chcemy zebra\u0107 w jednym miejscu wszystkie najlepsze, najpopularniejsze i najbardziej potrzebne produkty, kt\u00f3re uczyni\u0105 Ci\u0119 szcz\u0119\u015bliwszym i u\u0142atwi\u0105 codzienne \u017cycie.<br \/>\nJednym z parametr\u00f3w, kt\u00f3ry okaza\u0142 si\u0119 najwa\u017cniejszy podczas naszego badania, jest szybka dostawa, dlatego wszystkie produkty, kt\u00f3re posiadamy na stronie, fizycznie znajduj\u0105 si\u0119 w naszych magazynach Europie, aby by\u0142y dost\u0119pne od zaraz!<br \/>\nOczywi\u015bcie najwa\u017cniejsza jest jako\u015b\u0107 produktu, dlatego dok\u0142adnie testujemy i sprawdzamy wszystkie funkcjonalno\u015bci ka\u017cdego produktu przed wprowadzeniem go na rynek, aby mie\u0107 pewno\u015b\u0107, \u017ce produkt rzeczywi\u015bcie odpowiada wy\u015bwietlanym standardom jako\u015bci.<\/p>\n<p><strong>Nasze motto:<\/strong><br \/>\nPrzeszukujemy rynek dla Ciebie i znajdujemy Twoje ulubione produkty &#8211; bez ryzyka z Twojej strony!<\/p>\n","protected":false},"excerpt":{"rendered":"<p>Nasze my\u015blenie przez pryzmat MARKI &#8211; kim jeste\u015bmy i dlaczego istniejemy tak d\u0142ugo? W dzisiejszym zabieganym stylu \u017cycia ka\u017cdy biznes opiera si\u0119 g\u0142\u00f3wnie na osi\u0105gni\u0119ciu jak najwi\u0119kszych zysk\u00f3w. Ale wszystko si\u0119 zmienia wraz z dynamicznymi zmianami na \u015bwiecie i sam zysk ju\u017c nie jest wystarczaj\u0105cym celem. Czasami najlepiej jest spojrze\u0107 na rzeczy z innego punktu &hellip; <a href=\"https:\/\/linoexpress.com\/pl\/o-nas\/\">Continued<\/a><\/p>\n","protected":false},"author":1,"featured_media":0,"parent":0,"menu_order":0,"comment_status":"closed","ping_status":"closed","template":"","meta":{"inline_featured_image":false,"footnotes":""},"class_list":["post-104","page","type-page","status-publish","hentry"],"acf":[],"_links":{"self":[{"href":"https:\/\/linoexpress.com\/pl\/wp-json\/wp\/v2\/pages\/104","targetHints":{"allow":["GET"]}}],"collection":[{"href":"https:\/\/linoexpress.com\/pl\/wp-json\/wp\/v2\/pages"}],"about":[{"href":"https:\/\/linoexpress.com\/pl\/wp-json\/wp\/v2\/types\/page"}],"author":[{"embeddable":true,"href":"https:\/\/linoexpress.com\/pl\/wp-json\/wp\/v2\/users\/1"}],"replies":[{"embeddable":true,"href":"https:\/\/linoexpress.com\/pl\/wp-json\/wp\/v2\/comments?post=104"}],"version-history":[{"count":3,"href":"https:\/\/linoexpress.com\/pl\/wp-json\/wp\/v2\/pages\/104\/revisions"}],"predecessor-version":[{"id":744,"href":"https:\/\/linoexpress.com\/pl\/wp-json\/wp\/v2\/pages\/104\/revisions\/744"}],"wp:attachment":[{"href":"https:\/\/linoexpress.com\/pl\/wp-json\/wp\/v2\/media?parent=104"}],"curies":[{"name":"wp","href":"https:\/\/api.w.org\/{rel}","templated":true}]}}