{"id":98,"date":"2020-10-28T10:57:05","date_gmt":"2020-10-28T10:57:05","guid":{"rendered":"https:\/\/shopium.eu\/rs\/?page_id=98"},"modified":"2021-01-11T11:30:02","modified_gmt":"2021-01-11T10:30:02","slug":"platnosc-i-dostawa","status":"publish","type":"page","link":"https:\/\/linoexpress.com\/pl\/platnosc-i-dostawa\/","title":{"rendered":"P\u0142atno\u015b\u0107\u00a0i dostawa"},"content":{"rendered":"<p><strong>Dostawa<\/strong><\/p>\n<p>Wszystkie produkty prezentowane na naszej stronie internetowej znajduj\u0105 si\u0119 w naszym magazynie. Kupuj\u0105cy przy zakupie zobowi\u0105zany jest do pokrycia koszt\u00f3w przesy\u0142ki za pobraniem, z wyj\u0105tkiem poszczeg\u00f3lnych produkt\u00f3w, przy kt\u00f3rych widnieje informacja: \u201eprzesy\u0142ka w cenie\u201d lub \u201edarmowa dostawa\u201d. Do realizacji zam\u00f3wie\u0144 korzystamy z us\u0142ug firm kurierskich GLS i Packet. Podpisali\u015bmy umow\u0119 o wsp\u00f3\u0142pracy biznesowej ze wszystkimi wy\u017cej wymienionymi firmami kurierskimi. Czas dostawy zam\u00f3wionych produkt\u00f3w wynosi od 2 do 5 dni roboczych (w zwi\u0105zku z sytuacj\u0105 COVID-19 czas dostawy mo\u017ce by\u0107 nieco wyd\u0142u\u017cony). Zam\u00f3wione produkty s\u0105 dostarczane na adres, kt\u00f3ry zosta\u0142 podany jako adres dostawy.<\/p>\n<p><strong>\u015aledzenie przesy\u0142ki<\/strong><\/p>\n<p>Przesy\u0142k\u0119 mo\u017cna \u015bledzi\u0107 klikaj\u0105c na ten link: <a href=\"https:\/\/tracking.packeta.com\/pl\/tracking\/search\">https:\/\/tracking.packeta.com\/pl\/tracking\/search<\/a><\/p>\n<p><strong>P\u0142atno\u015b\u0107<\/strong><\/p>\n<p>Oferujemy kilka opcji p\u0142atno\u015bci. Za zakupione produkty mo\u017cna zap\u0142aci\u0107 za po\u015brednictwem systemu PayPal, przy u\u017cyciu karty kredytowej lub za pobraniem.<\/p>\n","protected":false},"excerpt":{"rendered":"<p>Dostawa Wszystkie produkty prezentowane na naszej stronie internetowej znajduj\u0105 si\u0119 w naszym magazynie. Kupuj\u0105cy przy zakupie zobowi\u0105zany jest do pokrycia koszt\u00f3w przesy\u0142ki za pobraniem, z wyj\u0105tkiem poszczeg\u00f3lnych produkt\u00f3w, przy kt\u00f3rych widnieje informacja: \u201eprzesy\u0142ka w cenie\u201d lub \u201edarmowa dostawa\u201d. Do realizacji zam\u00f3wie\u0144 korzystamy z us\u0142ug firm kurierskich GLS i Packet. Podpisali\u015bmy umow\u0119 o wsp\u00f3\u0142pracy biznesowej ze &hellip; <a href=\"https:\/\/linoexpress.com\/pl\/platnosc-i-dostawa\/\">Continued<\/a><\/p>\n","protected":false},"author":1,"featured_media":0,"parent":0,"menu_order":0,"comment_status":"closed","ping_status":"closed","template":"","meta":{"inline_featured_image":false,"footnotes":""},"class_list":["post-98","page","type-page","status-publish","hentry"],"acf":[],"_links":{"self":[{"href":"https:\/\/linoexpress.com\/pl\/wp-json\/wp\/v2\/pages\/98","targetHints":{"allow":["GET"]}}],"collection":[{"href":"https:\/\/linoexpress.com\/pl\/wp-json\/wp\/v2\/pages"}],"about":[{"href":"https:\/\/linoexpress.com\/pl\/wp-json\/wp\/v2\/types\/page"}],"author":[{"embeddable":true,"href":"https:\/\/linoexpress.com\/pl\/wp-json\/wp\/v2\/users\/1"}],"replies":[{"embeddable":true,"href":"https:\/\/linoexpress.com\/pl\/wp-json\/wp\/v2\/comments?post=98"}],"version-history":[{"count":8,"href":"https:\/\/linoexpress.com\/pl\/wp-json\/wp\/v2\/pages\/98\/revisions"}],"predecessor-version":[{"id":750,"href":"https:\/\/linoexpress.com\/pl\/wp-json\/wp\/v2\/pages\/98\/revisions\/750"}],"wp:attachment":[{"href":"https:\/\/linoexpress.com\/pl\/wp-json\/wp\/v2\/media?parent=98"}],"curies":[{"name":"wp","href":"https:\/\/api.w.org\/{rel}","templated":true}]}}