{"id":10849,"date":"2023-04-26T08:56:08","date_gmt":"2023-04-26T06:56:08","guid":{"rendered":"https:\/\/linoexpress.com\/pl\/?post_type=product&#038;p=10849"},"modified":"2024-06-19T10:55:32","modified_gmt":"2024-06-19T08:55:32","slug":"bielizna-modelujaca-cialo-body-modelujace-cialo","status":"publish","type":"product","link":"https:\/\/linoexpress.com\/pl\/produkt\/bielizna-modelujaca-cialo-body-modelujace-cialo\/","title":{"rendered":"Bielizna modeluj\u0105ca cia\u0142o\/ body modeluj\u0105ce cia\u0142o"},"content":{"rendered":"","protected":false},"excerpt":{"rendered":"<div class=\"woocommerce-product-details__short-description\">\n<div class=\"woocommerce-product-details__short-description\">\n<div class=\"woocommerce-product-details__short-description\">\n<div class=\"woocommerce-product-details__short-description\">\n<p>Wygodne, praktyczne i pi\u0119kne a zarazem bardzo efektowne i nowoczesne body. Kszta\u0142tuj swoje cia\u0142o dzi\u0119ki temu hitowemu body!<\/p>\n<\/div>\n<\/div>\n<\/div>\n<\/div>\n","protected":false},"featured_media":10867,"comment_status":"closed","ping_status":"closed","template":"","meta":{"inline_featured_image":false},"product_brand":[],"product_cat":[28,15],"product_tag":[],"class_list":{"0":"post-10849","1":"product","2":"type-product","3":"status-publish","4":"has-post-thumbnail","6":"product_cat-beauty","7":"product_cat-uncategorized","9":"first","10":"instock","11":"sale","12":"taxable","13":"shipping-taxable","14":"purchasable","15":"product-type-variable"},"acf":[],"_links":{"self":[{"href":"https:\/\/linoexpress.com\/pl\/wp-json\/wp\/v2\/product\/10849","targetHints":{"allow":["GET"]}}],"collection":[{"href":"https:\/\/linoexpress.com\/pl\/wp-json\/wp\/v2\/product"}],"about":[{"href":"https:\/\/linoexpress.com\/pl\/wp-json\/wp\/v2\/types\/product"}],"replies":[{"embeddable":true,"href":"https:\/\/linoexpress.com\/pl\/wp-json\/wp\/v2\/comments?post=10849"}],"wp:featuredmedia":[{"embeddable":true,"href":"https:\/\/linoexpress.com\/pl\/wp-json\/wp\/v2\/media\/10867"}],"wp:attachment":[{"href":"https:\/\/linoexpress.com\/pl\/wp-json\/wp\/v2\/media?parent=10849"}],"wp:term":[{"taxonomy":"product_brand","embeddable":true,"href":"https:\/\/linoexpress.com\/pl\/wp-json\/wp\/v2\/product_brand?post=10849"},{"taxonomy":"product_cat","embeddable":true,"href":"https:\/\/linoexpress.com\/pl\/wp-json\/wp\/v2\/product_cat?post=10849"},{"taxonomy":"product_tag","embeddable":true,"href":"https:\/\/linoexpress.com\/pl\/wp-json\/wp\/v2\/product_tag?post=10849"}],"curies":[{"name":"wp","href":"https:\/\/api.w.org\/{rel}","templated":true}]}}