{"id":11605,"date":"2023-06-20T13:37:32","date_gmt":"2023-06-20T11:37:32","guid":{"rendered":"https:\/\/linoexpress.com\/pl\/?post_type=product&#038;p=11605"},"modified":"2025-04-25T16:15:52","modified_gmt":"2025-04-25T14:15:52","slug":"11-maly-lokalizator-gps","status":"publish","type":"product","link":"https:\/\/linoexpress.com\/pl\/produkt\/11-maly-lokalizator-gps\/","title":{"rendered":"1+1 Ma\u0142y lokalizator GPS"},"content":{"rendered":"","protected":false},"excerpt":{"rendered":"<p>Lokalizator GPS do \u015bledzenia samochod\u00f3w lub innych pojazd\u00f3w i kosztowno\u015bci. Zabezpiecz swoje kosztowno\u015bci.<\/p>\n","protected":false},"featured_media":11614,"comment_status":"closed","ping_status":"closed","template":"","meta":{"inline_featured_image":false},"product_brand":[],"product_cat":[25,27,15],"product_tag":[],"class_list":{"0":"post-11605","1":"product","2":"type-product","3":"status-publish","4":"has-post-thumbnail","6":"product_cat-car","7":"product_cat-home","8":"product_cat-uncategorized","10":"first","11":"instock","12":"sale","13":"taxable","14":"shipping-taxable","15":"purchasable","16":"product-type-simple"},"acf":[],"_links":{"self":[{"href":"https:\/\/linoexpress.com\/pl\/wp-json\/wp\/v2\/product\/11605","targetHints":{"allow":["GET"]}}],"collection":[{"href":"https:\/\/linoexpress.com\/pl\/wp-json\/wp\/v2\/product"}],"about":[{"href":"https:\/\/linoexpress.com\/pl\/wp-json\/wp\/v2\/types\/product"}],"replies":[{"embeddable":true,"href":"https:\/\/linoexpress.com\/pl\/wp-json\/wp\/v2\/comments?post=11605"}],"wp:featuredmedia":[{"embeddable":true,"href":"https:\/\/linoexpress.com\/pl\/wp-json\/wp\/v2\/media\/11614"}],"wp:attachment":[{"href":"https:\/\/linoexpress.com\/pl\/wp-json\/wp\/v2\/media?parent=11605"}],"wp:term":[{"taxonomy":"product_brand","embeddable":true,"href":"https:\/\/linoexpress.com\/pl\/wp-json\/wp\/v2\/product_brand?post=11605"},{"taxonomy":"product_cat","embeddable":true,"href":"https:\/\/linoexpress.com\/pl\/wp-json\/wp\/v2\/product_cat?post=11605"},{"taxonomy":"product_tag","embeddable":true,"href":"https:\/\/linoexpress.com\/pl\/wp-json\/wp\/v2\/product_tag?post=11605"}],"curies":[{"name":"wp","href":"https:\/\/api.w.org\/{rel}","templated":true}]}}