{"id":1228,"date":"2021-02-17T08:25:51","date_gmt":"2021-02-17T07:25:51","guid":{"rendered":"https:\/\/shopium.eu\/pl\/?post_type=product&#038;p=1228"},"modified":"2024-06-19T10:37:15","modified_gmt":"2024-06-19T08:37:15","slug":"wojskowe-rekawice-taktyczne-glowesly","status":"publish","type":"product","link":"https:\/\/linoexpress.com\/pl\/produkt\/wojskowe-rekawice-taktyczne-glowesly\/","title":{"rendered":"Wojskowe r\u0119kawice taktyczne &#8211; Glowesly"},"content":{"rendered":"","protected":false},"excerpt":{"rendered":"<p>Doskona\u0142e r\u0119kawice wojskowe z funkcj\u0105 touch screen, idealne do wszystkich rodzaj\u00f3w sport\u00f3w i zaj\u0119\u0107 na \u015bwie\u017cym powietrzu, bez zadrapa\u0144, siniak\u00f3w i odmro\u017ce\u0144.<\/p>\n","protected":false},"featured_media":1139,"comment_status":"closed","ping_status":"closed","template":"","meta":{"inline_featured_image":false},"product_brand":[],"product_cat":[27,15],"product_tag":[],"class_list":{"0":"post-1228","1":"product","2":"type-product","3":"status-publish","4":"has-post-thumbnail","6":"product_cat-home","7":"product_cat-uncategorized","9":"first","10":"instock","11":"sale","12":"taxable","13":"shipping-taxable","14":"purchasable","15":"product-type-simple"},"acf":[],"_links":{"self":[{"href":"https:\/\/linoexpress.com\/pl\/wp-json\/wp\/v2\/product\/1228","targetHints":{"allow":["GET"]}}],"collection":[{"href":"https:\/\/linoexpress.com\/pl\/wp-json\/wp\/v2\/product"}],"about":[{"href":"https:\/\/linoexpress.com\/pl\/wp-json\/wp\/v2\/types\/product"}],"replies":[{"embeddable":true,"href":"https:\/\/linoexpress.com\/pl\/wp-json\/wp\/v2\/comments?post=1228"}],"wp:featuredmedia":[{"embeddable":true,"href":"https:\/\/linoexpress.com\/pl\/wp-json\/wp\/v2\/media\/1139"}],"wp:attachment":[{"href":"https:\/\/linoexpress.com\/pl\/wp-json\/wp\/v2\/media?parent=1228"}],"wp:term":[{"taxonomy":"product_brand","embeddable":true,"href":"https:\/\/linoexpress.com\/pl\/wp-json\/wp\/v2\/product_brand?post=1228"},{"taxonomy":"product_cat","embeddable":true,"href":"https:\/\/linoexpress.com\/pl\/wp-json\/wp\/v2\/product_cat?post=1228"},{"taxonomy":"product_tag","embeddable":true,"href":"https:\/\/linoexpress.com\/pl\/wp-json\/wp\/v2\/product_tag?post=1228"}],"curies":[{"name":"wp","href":"https:\/\/api.w.org\/{rel}","templated":true}]}}