{"id":1233,"date":"2021-02-17T10:50:13","date_gmt":"2021-02-17T09:50:13","guid":{"rendered":"https:\/\/shopium.eu\/pl\/?post_type=product&#038;p=1233"},"modified":"2023-01-04T13:29:21","modified_gmt":"2023-01-04T12:29:21","slug":"pasta-izolujaca-fastseal","status":"publish","type":"product","link":"https:\/\/linoexpress.com\/pl\/produkt\/pasta-izolujaca-fastseal\/","title":{"rendered":"Pasta izoluj\u0105ca &#8211; FastSeal"},"content":{"rendered":"<p>Ta idealna wodoodporna magiczna to silny materia\u0142 izoluj\u0105cy, kt\u00f3ry mo\u017cesz nak\u0142ada\u0107 na wszystkie, nawet wilgotne powierzchnie w domu. Nie ma nieprzyjemnego zapachu i zawiera pigmenty przeciw \u017c\u00f3\u0142tym plamom.<\/p>\n","protected":false},"excerpt":{"rendered":"<p>Ta idealna wodoodporna magiczna to silny materia\u0142 izoluj\u0105cy, kt\u00f3ry mo\u017cesz nak\u0142ada\u0107 na wszystkie, nawet wilgotne powierzchnie w domu. Nie ma nieprzyjemnego zapachu i zawiera pigmenty przeciw \u017c\u00f3\u0142tym plamom.<\/p>\n","protected":false},"featured_media":439,"comment_status":"closed","ping_status":"closed","template":"","meta":{"inline_featured_image":false},"product_brand":[],"product_cat":[27,15],"product_tag":[],"class_list":{"0":"post-1233","1":"product","2":"type-product","3":"status-publish","4":"has-post-thumbnail","6":"product_cat-home","7":"product_cat-uncategorized","9":"first","10":"instock","11":"sale","12":"taxable","13":"shipping-taxable","14":"purchasable","15":"product-type-simple"},"acf":[],"_links":{"self":[{"href":"https:\/\/linoexpress.com\/pl\/wp-json\/wp\/v2\/product\/1233","targetHints":{"allow":["GET"]}}],"collection":[{"href":"https:\/\/linoexpress.com\/pl\/wp-json\/wp\/v2\/product"}],"about":[{"href":"https:\/\/linoexpress.com\/pl\/wp-json\/wp\/v2\/types\/product"}],"replies":[{"embeddable":true,"href":"https:\/\/linoexpress.com\/pl\/wp-json\/wp\/v2\/comments?post=1233"}],"wp:featuredmedia":[{"embeddable":true,"href":"https:\/\/linoexpress.com\/pl\/wp-json\/wp\/v2\/media\/439"}],"wp:attachment":[{"href":"https:\/\/linoexpress.com\/pl\/wp-json\/wp\/v2\/media?parent=1233"}],"wp:term":[{"taxonomy":"product_brand","embeddable":true,"href":"https:\/\/linoexpress.com\/pl\/wp-json\/wp\/v2\/product_brand?post=1233"},{"taxonomy":"product_cat","embeddable":true,"href":"https:\/\/linoexpress.com\/pl\/wp-json\/wp\/v2\/product_cat?post=1233"},{"taxonomy":"product_tag","embeddable":true,"href":"https:\/\/linoexpress.com\/pl\/wp-json\/wp\/v2\/product_tag?post=1233"}],"curies":[{"name":"wp","href":"https:\/\/api.w.org\/{rel}","templated":true}]}}