{"id":14858,"date":"2023-11-10T10:06:17","date_gmt":"2023-11-10T09:06:17","guid":{"rendered":"https:\/\/linoexpress.com\/pl\/?post_type=product&#038;p=14858"},"modified":"2024-06-06T14:55:33","modified_gmt":"2024-06-06T12:55:33","slug":"wysokiej-jakosci-pulapka-na-zwierzeta","status":"publish","type":"product","link":"https:\/\/linoexpress.com\/pl\/produkt\/wysokiej-jakosci-pulapka-na-zwierzeta\/","title":{"rendered":"Wysokiej jako\u015bci pu\u0142apka na zwierz\u0119ta"},"content":{"rendered":"","protected":false},"excerpt":{"rendered":"<div class=\"woocommerce-product-details__short-description\">\n<div class=\"woocommerce-product-details__short-description\">\n<div class=\"woocommerce-product-details__short-description\">\n<div class=\"woocommerce-product-details__short-description\">\n<p>Humanitarna pu\u0142apka na zwierz\u0119ta, specjalnie zaprojektowana do bezpiecznego i \u0142atwego chwytania \u0142upy.<\/p>\n<\/div>\n<\/div>\n<\/div>\n<\/div>\n","protected":false},"featured_media":14864,"comment_status":"closed","ping_status":"closed","template":"","meta":{"inline_featured_image":false},"product_brand":[],"product_cat":[27,15],"product_tag":[],"class_list":{"0":"post-14858","1":"product","2":"type-product","3":"status-publish","4":"has-post-thumbnail","6":"product_cat-home","7":"product_cat-uncategorized","9":"first","10":"instock","11":"sale","12":"taxable","13":"shipping-taxable","14":"purchasable","15":"product-type-simple"},"acf":[],"_links":{"self":[{"href":"https:\/\/linoexpress.com\/pl\/wp-json\/wp\/v2\/product\/14858","targetHints":{"allow":["GET"]}}],"collection":[{"href":"https:\/\/linoexpress.com\/pl\/wp-json\/wp\/v2\/product"}],"about":[{"href":"https:\/\/linoexpress.com\/pl\/wp-json\/wp\/v2\/types\/product"}],"replies":[{"embeddable":true,"href":"https:\/\/linoexpress.com\/pl\/wp-json\/wp\/v2\/comments?post=14858"}],"wp:featuredmedia":[{"embeddable":true,"href":"https:\/\/linoexpress.com\/pl\/wp-json\/wp\/v2\/media\/14864"}],"wp:attachment":[{"href":"https:\/\/linoexpress.com\/pl\/wp-json\/wp\/v2\/media?parent=14858"}],"wp:term":[{"taxonomy":"product_brand","embeddable":true,"href":"https:\/\/linoexpress.com\/pl\/wp-json\/wp\/v2\/product_brand?post=14858"},{"taxonomy":"product_cat","embeddable":true,"href":"https:\/\/linoexpress.com\/pl\/wp-json\/wp\/v2\/product_cat?post=14858"},{"taxonomy":"product_tag","embeddable":true,"href":"https:\/\/linoexpress.com\/pl\/wp-json\/wp\/v2\/product_tag?post=14858"}],"curies":[{"name":"wp","href":"https:\/\/api.w.org\/{rel}","templated":true}]}}