{"id":1549,"date":"2021-03-10T19:20:08","date_gmt":"2021-03-10T18:20:08","guid":{"rendered":"https:\/\/shopium.eu\/pl\/?post_type=product&#038;p=1549"},"modified":"2021-10-06T13:51:29","modified_gmt":"2021-10-06T11:51:29","slug":"cisnieniowy-pistolet-spryskujacy-jetgun","status":"publish","type":"product","link":"https:\/\/linoexpress.com\/pl\/produkt\/cisnieniowy-pistolet-spryskujacy-jetgun\/","title":{"rendered":"Ci\u015bnieniowy pistolet spryskuj\u0105cy \u2013 JetGun"},"content":{"rendered":"","protected":false},"excerpt":{"rendered":"<p>Ju\u017c nie musisz si\u0119 m\u0119czy\u0107 przy sprz\u0105taniu domu czy myciu samochodu! Z tym produktem wszystko zrobisz szybko i bez wysi\u0142ku.<\/p>\n","protected":false},"featured_media":1554,"comment_status":"closed","ping_status":"closed","template":"","meta":{"inline_featured_image":false},"product_brand":[],"product_cat":[25,27,15],"product_tag":[],"class_list":{"0":"post-1549","1":"product","2":"type-product","3":"status-publish","4":"has-post-thumbnail","6":"product_cat-car","7":"product_cat-home","8":"product_cat-uncategorized","10":"first","11":"instock","12":"sale","13":"taxable","14":"shipping-taxable","15":"purchasable","16":"product-type-simple"},"acf":[],"_links":{"self":[{"href":"https:\/\/linoexpress.com\/pl\/wp-json\/wp\/v2\/product\/1549","targetHints":{"allow":["GET"]}}],"collection":[{"href":"https:\/\/linoexpress.com\/pl\/wp-json\/wp\/v2\/product"}],"about":[{"href":"https:\/\/linoexpress.com\/pl\/wp-json\/wp\/v2\/types\/product"}],"replies":[{"embeddable":true,"href":"https:\/\/linoexpress.com\/pl\/wp-json\/wp\/v2\/comments?post=1549"}],"wp:featuredmedia":[{"embeddable":true,"href":"https:\/\/linoexpress.com\/pl\/wp-json\/wp\/v2\/media\/1554"}],"wp:attachment":[{"href":"https:\/\/linoexpress.com\/pl\/wp-json\/wp\/v2\/media?parent=1549"}],"wp:term":[{"taxonomy":"product_brand","embeddable":true,"href":"https:\/\/linoexpress.com\/pl\/wp-json\/wp\/v2\/product_brand?post=1549"},{"taxonomy":"product_cat","embeddable":true,"href":"https:\/\/linoexpress.com\/pl\/wp-json\/wp\/v2\/product_cat?post=1549"},{"taxonomy":"product_tag","embeddable":true,"href":"https:\/\/linoexpress.com\/pl\/wp-json\/wp\/v2\/product_tag?post=1549"}],"curies":[{"name":"wp","href":"https:\/\/api.w.org\/{rel}","templated":true}]}}