{"id":16104,"date":"2024-03-11T11:47:39","date_gmt":"2024-03-11T10:47:39","guid":{"rendered":"https:\/\/linoexpress.com\/pl\/?post_type=product&#038;p=16104"},"modified":"2024-06-11T10:50:26","modified_gmt":"2024-06-11T08:50:26","slug":"ksiazka-magnetyczna-do-porzadkowania-lalek","status":"publish","type":"product","link":"https:\/\/linoexpress.com\/pl\/produkt\/ksiazka-magnetyczna-do-porzadkowania-lalek\/","title":{"rendered":"Ksi\u0105\u017cka magnetyczna do porz\u0105dkowania lalek"},"content":{"rendered":"","protected":false},"excerpt":{"rendered":"<div class=\"woocommerce-product-details__short-description\">\n<div class=\"woocommerce-product-details__short-description\">\n<div class=\"woocommerce-product-details__short-description\">\n<div class=\"woocommerce-product-details__short-description\">\n<p>Idealny prezent dla dziewczyn! \u0141\u0105czenie ubra\u0144 i kombinacji ubra\u0144 nigdy nie by\u0142o \u0142atwiejsze i przyjemniejsze!<\/p>\n<\/div>\n<\/div>\n<\/div>\n<\/div>\n","protected":false},"featured_media":16114,"comment_status":"closed","ping_status":"closed","template":"","meta":{"inline_featured_image":false},"product_brand":[],"product_cat":[15,35],"product_tag":[],"class_list":{"0":"post-16104","1":"product","2":"type-product","3":"status-publish","4":"has-post-thumbnail","6":"product_cat-uncategorized","7":"product_cat-fun","9":"first","10":"instock","11":"sale","12":"taxable","13":"shipping-taxable","14":"purchasable","15":"product-type-variable"},"acf":[],"_links":{"self":[{"href":"https:\/\/linoexpress.com\/pl\/wp-json\/wp\/v2\/product\/16104","targetHints":{"allow":["GET"]}}],"collection":[{"href":"https:\/\/linoexpress.com\/pl\/wp-json\/wp\/v2\/product"}],"about":[{"href":"https:\/\/linoexpress.com\/pl\/wp-json\/wp\/v2\/types\/product"}],"replies":[{"embeddable":true,"href":"https:\/\/linoexpress.com\/pl\/wp-json\/wp\/v2\/comments?post=16104"}],"wp:featuredmedia":[{"embeddable":true,"href":"https:\/\/linoexpress.com\/pl\/wp-json\/wp\/v2\/media\/16114"}],"wp:attachment":[{"href":"https:\/\/linoexpress.com\/pl\/wp-json\/wp\/v2\/media?parent=16104"}],"wp:term":[{"taxonomy":"product_brand","embeddable":true,"href":"https:\/\/linoexpress.com\/pl\/wp-json\/wp\/v2\/product_brand?post=16104"},{"taxonomy":"product_cat","embeddable":true,"href":"https:\/\/linoexpress.com\/pl\/wp-json\/wp\/v2\/product_cat?post=16104"},{"taxonomy":"product_tag","embeddable":true,"href":"https:\/\/linoexpress.com\/pl\/wp-json\/wp\/v2\/product_tag?post=16104"}],"curies":[{"name":"wp","href":"https:\/\/api.w.org\/{rel}","templated":true}]}}