{"id":16637,"date":"2024-09-10T08:23:04","date_gmt":"2024-09-10T06:23:04","guid":{"rendered":"https:\/\/linoexpress.com\/pl\/?post_type=product&#038;p=16637"},"modified":"2025-07-24T14:23:08","modified_gmt":"2025-07-24T12:23:08","slug":"silny-dezaktywator-magnetyzera","status":"publish","type":"product","link":"https:\/\/linoexpress.com\/pl\/produkt\/silny-dezaktywator-magnetyzera\/","title":{"rendered":"Silny dezaktywator magnetyzera"},"content":{"rendered":"","protected":false},"excerpt":{"rendered":"<p>Nie tylko usuwa \u015blady z odzie\u017cy, ten dezaktywator oszcz\u0119dza Tw\u00f3j czas i pieni\u0105dze!<\/p>\n","protected":false},"featured_media":16639,"comment_status":"closed","ping_status":"closed","template":"","meta":{"inline_featured_image":false},"product_brand":[],"product_cat":[27,15],"product_tag":[],"class_list":{"0":"post-16637","1":"product","2":"type-product","3":"status-publish","4":"has-post-thumbnail","6":"product_cat-home","7":"product_cat-uncategorized","9":"first","10":"instock","11":"sale","12":"taxable","13":"shipping-taxable","14":"purchasable","15":"product-type-simple"},"acf":[],"_links":{"self":[{"href":"https:\/\/linoexpress.com\/pl\/wp-json\/wp\/v2\/product\/16637","targetHints":{"allow":["GET"]}}],"collection":[{"href":"https:\/\/linoexpress.com\/pl\/wp-json\/wp\/v2\/product"}],"about":[{"href":"https:\/\/linoexpress.com\/pl\/wp-json\/wp\/v2\/types\/product"}],"replies":[{"embeddable":true,"href":"https:\/\/linoexpress.com\/pl\/wp-json\/wp\/v2\/comments?post=16637"}],"wp:featuredmedia":[{"embeddable":true,"href":"https:\/\/linoexpress.com\/pl\/wp-json\/wp\/v2\/media\/16639"}],"wp:attachment":[{"href":"https:\/\/linoexpress.com\/pl\/wp-json\/wp\/v2\/media?parent=16637"}],"wp:term":[{"taxonomy":"product_brand","embeddable":true,"href":"https:\/\/linoexpress.com\/pl\/wp-json\/wp\/v2\/product_brand?post=16637"},{"taxonomy":"product_cat","embeddable":true,"href":"https:\/\/linoexpress.com\/pl\/wp-json\/wp\/v2\/product_cat?post=16637"},{"taxonomy":"product_tag","embeddable":true,"href":"https:\/\/linoexpress.com\/pl\/wp-json\/wp\/v2\/product_tag?post=16637"}],"curies":[{"name":"wp","href":"https:\/\/api.w.org\/{rel}","templated":true}]}}