{"id":16713,"date":"2024-09-24T12:18:45","date_gmt":"2024-09-24T10:18:45","guid":{"rendered":"https:\/\/linoexpress.com\/pl\/?post_type=product&#038;p=16713"},"modified":"2024-10-14T10:42:43","modified_gmt":"2024-10-14T08:42:43","slug":"11-za-darmo-bank-oszczednosciowy","status":"publish","type":"product","link":"https:\/\/linoexpress.com\/pl\/produkt\/11-za-darmo-bank-oszczednosciowy\/","title":{"rendered":"1+1 ZA DARMO Bank oszcz\u0119dno\u015bciowy"},"content":{"rendered":"","protected":false},"excerpt":{"rendered":"<p>Dzi\u0119ki temu praktycznemu planowi oszcz\u0119dno\u015bciowemu w prosty i \u0142atwy spos\u00f3b dotrzesz do celu. Oszcz\u0119dzaj pieni\u0105dze bez stresu i w zabawny spos\u00f3b!<\/p>\n","protected":false},"featured_media":16288,"comment_status":"closed","ping_status":"closed","template":"","meta":{"inline_featured_image":false},"product_brand":[],"product_cat":[15,35],"product_tag":[],"class_list":{"0":"post-16713","1":"product","2":"type-product","3":"status-publish","4":"has-post-thumbnail","6":"product_cat-uncategorized","7":"product_cat-fun","9":"first","10":"instock","11":"sale","12":"taxable","13":"shipping-taxable","14":"purchasable","15":"product-type-simple"},"acf":[],"_links":{"self":[{"href":"https:\/\/linoexpress.com\/pl\/wp-json\/wp\/v2\/product\/16713","targetHints":{"allow":["GET"]}}],"collection":[{"href":"https:\/\/linoexpress.com\/pl\/wp-json\/wp\/v2\/product"}],"about":[{"href":"https:\/\/linoexpress.com\/pl\/wp-json\/wp\/v2\/types\/product"}],"replies":[{"embeddable":true,"href":"https:\/\/linoexpress.com\/pl\/wp-json\/wp\/v2\/comments?post=16713"}],"wp:featuredmedia":[{"embeddable":true,"href":"https:\/\/linoexpress.com\/pl\/wp-json\/wp\/v2\/media\/16288"}],"wp:attachment":[{"href":"https:\/\/linoexpress.com\/pl\/wp-json\/wp\/v2\/media?parent=16713"}],"wp:term":[{"taxonomy":"product_brand","embeddable":true,"href":"https:\/\/linoexpress.com\/pl\/wp-json\/wp\/v2\/product_brand?post=16713"},{"taxonomy":"product_cat","embeddable":true,"href":"https:\/\/linoexpress.com\/pl\/wp-json\/wp\/v2\/product_cat?post=16713"},{"taxonomy":"product_tag","embeddable":true,"href":"https:\/\/linoexpress.com\/pl\/wp-json\/wp\/v2\/product_tag?post=16713"}],"curies":[{"name":"wp","href":"https:\/\/api.w.org\/{rel}","templated":true}]}}