{"id":16886,"date":"2024-10-28T08:11:08","date_gmt":"2024-10-28T07:11:08","guid":{"rendered":"https:\/\/linoexpress.com\/pl\/?post_type=product&#038;p=16886"},"modified":"2024-11-04T09:16:49","modified_gmt":"2024-11-04T08:16:49","slug":"zestaw-do-nauki-szydelkowania-i-robienia-na-drutach","status":"publish","type":"product","link":"https:\/\/linoexpress.com\/pl\/produkt\/zestaw-do-nauki-szydelkowania-i-robienia-na-drutach\/","title":{"rendered":"Zestaw do nauki szyde\u0142kowania i robienia na drutach"},"content":{"rendered":"","protected":false},"excerpt":{"rendered":"<p>Zmodernizowany spos\u00f3b dziania zachwyci wszystkich mi\u0142o\u015bnik\u00f3w tego hobby, a tak\u017ce tych, kt\u00f3rzy dopiero chc\u0105 nim zosta\u0107!<\/p>\n","protected":false},"featured_media":16887,"comment_status":"closed","ping_status":"closed","template":"","meta":{"inline_featured_image":false},"product_brand":[],"product_cat":[15,35],"product_tag":[],"class_list":{"0":"post-16886","1":"product","2":"type-product","3":"status-publish","4":"has-post-thumbnail","6":"product_cat-uncategorized","7":"product_cat-fun","9":"first","10":"instock","11":"sale","12":"taxable","13":"shipping-taxable","14":"purchasable","15":"product-type-simple"},"acf":[],"_links":{"self":[{"href":"https:\/\/linoexpress.com\/pl\/wp-json\/wp\/v2\/product\/16886","targetHints":{"allow":["GET"]}}],"collection":[{"href":"https:\/\/linoexpress.com\/pl\/wp-json\/wp\/v2\/product"}],"about":[{"href":"https:\/\/linoexpress.com\/pl\/wp-json\/wp\/v2\/types\/product"}],"replies":[{"embeddable":true,"href":"https:\/\/linoexpress.com\/pl\/wp-json\/wp\/v2\/comments?post=16886"}],"wp:featuredmedia":[{"embeddable":true,"href":"https:\/\/linoexpress.com\/pl\/wp-json\/wp\/v2\/media\/16887"}],"wp:attachment":[{"href":"https:\/\/linoexpress.com\/pl\/wp-json\/wp\/v2\/media?parent=16886"}],"wp:term":[{"taxonomy":"product_brand","embeddable":true,"href":"https:\/\/linoexpress.com\/pl\/wp-json\/wp\/v2\/product_brand?post=16886"},{"taxonomy":"product_cat","embeddable":true,"href":"https:\/\/linoexpress.com\/pl\/wp-json\/wp\/v2\/product_cat?post=16886"},{"taxonomy":"product_tag","embeddable":true,"href":"https:\/\/linoexpress.com\/pl\/wp-json\/wp\/v2\/product_tag?post=16886"}],"curies":[{"name":"wp","href":"https:\/\/api.w.org\/{rel}","templated":true}]}}