{"id":16899,"date":"2024-10-28T10:44:49","date_gmt":"2024-10-28T09:44:49","guid":{"rendered":"https:\/\/linoexpress.com\/pl\/?post_type=product&#038;p=16899"},"modified":"2025-09-18T10:22:14","modified_gmt":"2025-09-18T08:22:14","slug":"relaksujace-mini-polki-na-ksiazki","status":"publish","type":"product","link":"https:\/\/linoexpress.com\/pl\/produkt\/relaksujace-mini-polki-na-ksiazki\/","title":{"rendered":"Relaksuj\u0105ce mini p\u00f3\u0142ki na ksi\u0105\u017cki"},"content":{"rendered":"","protected":false},"excerpt":{"rendered":"<p>Pozb\u0105d\u017a si\u0119 niepokoju i napi\u0119cia dzi\u0119ki tej relaksuj\u0105cej ma\u0142ej p\u00f3\u0142ce na ksi\u0105\u017cki. Uporz\u0105dkuj ksi\u0105\u017cki i odnajd\u017a spok\u00f3j!<\/p>\n","protected":false},"featured_media":16903,"comment_status":"closed","ping_status":"closed","template":"","meta":{"inline_featured_image":false},"product_brand":[],"product_cat":[27,15,35],"product_tag":[],"class_list":{"0":"post-16899","1":"product","2":"type-product","3":"status-publish","4":"has-post-thumbnail","6":"product_cat-home","7":"product_cat-uncategorized","8":"product_cat-fun","10":"first","11":"instock","12":"sale","13":"taxable","14":"shipping-taxable","15":"purchasable","16":"product-type-simple"},"acf":[],"_links":{"self":[{"href":"https:\/\/linoexpress.com\/pl\/wp-json\/wp\/v2\/product\/16899","targetHints":{"allow":["GET"]}}],"collection":[{"href":"https:\/\/linoexpress.com\/pl\/wp-json\/wp\/v2\/product"}],"about":[{"href":"https:\/\/linoexpress.com\/pl\/wp-json\/wp\/v2\/types\/product"}],"replies":[{"embeddable":true,"href":"https:\/\/linoexpress.com\/pl\/wp-json\/wp\/v2\/comments?post=16899"}],"wp:featuredmedia":[{"embeddable":true,"href":"https:\/\/linoexpress.com\/pl\/wp-json\/wp\/v2\/media\/16903"}],"wp:attachment":[{"href":"https:\/\/linoexpress.com\/pl\/wp-json\/wp\/v2\/media?parent=16899"}],"wp:term":[{"taxonomy":"product_brand","embeddable":true,"href":"https:\/\/linoexpress.com\/pl\/wp-json\/wp\/v2\/product_brand?post=16899"},{"taxonomy":"product_cat","embeddable":true,"href":"https:\/\/linoexpress.com\/pl\/wp-json\/wp\/v2\/product_cat?post=16899"},{"taxonomy":"product_tag","embeddable":true,"href":"https:\/\/linoexpress.com\/pl\/wp-json\/wp\/v2\/product_tag?post=16899"}],"curies":[{"name":"wp","href":"https:\/\/api.w.org\/{rel}","templated":true}]}}