{"id":16923,"date":"2024-10-30T14:29:25","date_gmt":"2024-10-30T13:29:25","guid":{"rendered":"https:\/\/linoexpress.com\/pl\/?post_type=product&#038;p=16923"},"modified":"2024-12-02T10:54:24","modified_gmt":"2024-12-02T09:54:24","slug":"swiateczna-pozytywka-z-pociagiem","status":"publish","type":"product","link":"https:\/\/linoexpress.com\/pl\/produkt\/swiateczna-pozytywka-z-pociagiem\/","title":{"rendered":"\u015awi\u0105teczna pozytywka z poci\u0105giem"},"content":{"rendered":"","protected":false},"excerpt":{"rendered":"<p>\u0141adny i praktyczny zestaw do szycia dla pocz\u0105tkuj\u0105cych i entuzjast\u00f3w szycia!<\/p>\n","protected":false},"featured_media":16924,"comment_status":"closed","ping_status":"closed","template":"","meta":{"inline_featured_image":false},"product_brand":[],"product_cat":[15,35],"product_tag":[],"class_list":{"0":"post-16923","1":"product","2":"type-product","3":"status-publish","4":"has-post-thumbnail","6":"product_cat-uncategorized","7":"product_cat-fun","9":"first","10":"instock","11":"sale","12":"taxable","13":"shipping-taxable","14":"purchasable","15":"product-type-simple"},"acf":[],"_links":{"self":[{"href":"https:\/\/linoexpress.com\/pl\/wp-json\/wp\/v2\/product\/16923","targetHints":{"allow":["GET"]}}],"collection":[{"href":"https:\/\/linoexpress.com\/pl\/wp-json\/wp\/v2\/product"}],"about":[{"href":"https:\/\/linoexpress.com\/pl\/wp-json\/wp\/v2\/types\/product"}],"replies":[{"embeddable":true,"href":"https:\/\/linoexpress.com\/pl\/wp-json\/wp\/v2\/comments?post=16923"}],"wp:featuredmedia":[{"embeddable":true,"href":"https:\/\/linoexpress.com\/pl\/wp-json\/wp\/v2\/media\/16924"}],"wp:attachment":[{"href":"https:\/\/linoexpress.com\/pl\/wp-json\/wp\/v2\/media?parent=16923"}],"wp:term":[{"taxonomy":"product_brand","embeddable":true,"href":"https:\/\/linoexpress.com\/pl\/wp-json\/wp\/v2\/product_brand?post=16923"},{"taxonomy":"product_cat","embeddable":true,"href":"https:\/\/linoexpress.com\/pl\/wp-json\/wp\/v2\/product_cat?post=16923"},{"taxonomy":"product_tag","embeddable":true,"href":"https:\/\/linoexpress.com\/pl\/wp-json\/wp\/v2\/product_tag?post=16923"}],"curies":[{"name":"wp","href":"https:\/\/api.w.org\/{rel}","templated":true}]}}