{"id":16940,"date":"2024-10-31T13:50:14","date_gmt":"2024-10-31T12:50:14","guid":{"rendered":"https:\/\/linoexpress.com\/pl\/?post_type=product&#038;p=16940"},"modified":"2025-10-14T12:01:49","modified_gmt":"2025-10-14T10:01:49","slug":"odruchowa-pilka-do-odbijania","status":"publish","type":"product","link":"https:\/\/linoexpress.com\/pl\/produkt\/odruchowa-pilka-do-odbijania\/","title":{"rendered":"Odruchowa pi\u0142ka do odbijania"},"content":{"rendered":"","protected":false},"excerpt":{"rendered":"<p>Popraw sw\u00f3j trening i przenie\u015b swoj\u0105 motywacj\u0119 na wy\u017cszy poziom. Najlepsza pi\u0142ka do doskonalenia refleksu!<\/p>\n","protected":false},"featured_media":18731,"comment_status":"closed","ping_status":"closed","template":"","meta":{"inline_featured_image":false},"product_brand":[],"product_cat":[15,35,26],"product_tag":[],"class_list":{"0":"post-16940","1":"product","2":"type-product","3":"status-publish","4":"has-post-thumbnail","6":"product_cat-uncategorized","7":"product_cat-fun","8":"product_cat-health","10":"first","11":"instock","12":"sale","13":"taxable","14":"shipping-taxable","15":"purchasable","16":"product-type-simple"},"acf":[],"_links":{"self":[{"href":"https:\/\/linoexpress.com\/pl\/wp-json\/wp\/v2\/product\/16940","targetHints":{"allow":["GET"]}}],"collection":[{"href":"https:\/\/linoexpress.com\/pl\/wp-json\/wp\/v2\/product"}],"about":[{"href":"https:\/\/linoexpress.com\/pl\/wp-json\/wp\/v2\/types\/product"}],"replies":[{"embeddable":true,"href":"https:\/\/linoexpress.com\/pl\/wp-json\/wp\/v2\/comments?post=16940"}],"wp:featuredmedia":[{"embeddable":true,"href":"https:\/\/linoexpress.com\/pl\/wp-json\/wp\/v2\/media\/18731"}],"wp:attachment":[{"href":"https:\/\/linoexpress.com\/pl\/wp-json\/wp\/v2\/media?parent=16940"}],"wp:term":[{"taxonomy":"product_brand","embeddable":true,"href":"https:\/\/linoexpress.com\/pl\/wp-json\/wp\/v2\/product_brand?post=16940"},{"taxonomy":"product_cat","embeddable":true,"href":"https:\/\/linoexpress.com\/pl\/wp-json\/wp\/v2\/product_cat?post=16940"},{"taxonomy":"product_tag","embeddable":true,"href":"https:\/\/linoexpress.com\/pl\/wp-json\/wp\/v2\/product_tag?post=16940"}],"curies":[{"name":"wp","href":"https:\/\/api.w.org\/{rel}","templated":true}]}}