{"id":16948,"date":"2024-11-01T09:55:29","date_gmt":"2024-11-01T08:55:29","guid":{"rendered":"https:\/\/linoexpress.com\/pl\/?post_type=product&#038;p=16948"},"modified":"2025-04-28T09:49:10","modified_gmt":"2025-04-28T07:49:10","slug":"zestaw-bokserski","status":"publish","type":"product","link":"https:\/\/linoexpress.com\/pl\/produkt\/zestaw-bokserski\/","title":{"rendered":"Zestaw bokserski"},"content":{"rendered":"","protected":false},"excerpt":{"rendered":"<p>Fenomenalny spos\u00f3b na \u0107wiczenia i pozbycie si\u0119 nadmiaru energii! Ten zestaw rozwinie w Tobie mi\u0142o\u015b\u0107 do sportu i dobrej kondycji!<\/p>\n","protected":false},"featured_media":16949,"comment_status":"closed","ping_status":"closed","template":"","meta":{"inline_featured_image":false},"product_brand":[],"product_cat":[15,35,26],"product_tag":[],"class_list":{"0":"post-16948","1":"product","2":"type-product","3":"status-publish","4":"has-post-thumbnail","6":"product_cat-uncategorized","7":"product_cat-fun","8":"product_cat-health","10":"first","11":"instock","12":"sale","13":"taxable","14":"shipping-taxable","15":"purchasable","16":"product-type-simple"},"acf":[],"_links":{"self":[{"href":"https:\/\/linoexpress.com\/pl\/wp-json\/wp\/v2\/product\/16948","targetHints":{"allow":["GET"]}}],"collection":[{"href":"https:\/\/linoexpress.com\/pl\/wp-json\/wp\/v2\/product"}],"about":[{"href":"https:\/\/linoexpress.com\/pl\/wp-json\/wp\/v2\/types\/product"}],"replies":[{"embeddable":true,"href":"https:\/\/linoexpress.com\/pl\/wp-json\/wp\/v2\/comments?post=16948"}],"wp:featuredmedia":[{"embeddable":true,"href":"https:\/\/linoexpress.com\/pl\/wp-json\/wp\/v2\/media\/16949"}],"wp:attachment":[{"href":"https:\/\/linoexpress.com\/pl\/wp-json\/wp\/v2\/media?parent=16948"}],"wp:term":[{"taxonomy":"product_brand","embeddable":true,"href":"https:\/\/linoexpress.com\/pl\/wp-json\/wp\/v2\/product_brand?post=16948"},{"taxonomy":"product_cat","embeddable":true,"href":"https:\/\/linoexpress.com\/pl\/wp-json\/wp\/v2\/product_cat?post=16948"},{"taxonomy":"product_tag","embeddable":true,"href":"https:\/\/linoexpress.com\/pl\/wp-json\/wp\/v2\/product_tag?post=16948"}],"curies":[{"name":"wp","href":"https:\/\/api.w.org\/{rel}","templated":true}]}}