{"id":16954,"date":"2024-11-01T11:58:12","date_gmt":"2024-11-01T10:58:12","guid":{"rendered":"https:\/\/linoexpress.com\/pl\/?post_type=product&#038;p=16954"},"modified":"2024-11-01T12:00:12","modified_gmt":"2024-11-01T11:00:12","slug":"zestaw-do-szycia-diy-montessori","status":"publish","type":"product","link":"https:\/\/linoexpress.com\/pl\/produkt\/zestaw-do-szycia-diy-montessori\/","title":{"rendered":"Zestaw do szycia DIY Montessori"},"content":{"rendered":"","protected":false},"excerpt":{"rendered":"<p>Ten zestaw DIY jest idealny do rozwijania kreatywno\u015bci i precyzji. Pozw\u00f3l swoim dzieciom samodzielnie dostosowa\u0107 ulubion\u0105 zabawk\u0119.<\/p>\n","protected":false},"featured_media":16958,"comment_status":"closed","ping_status":"closed","template":"","meta":{"inline_featured_image":false},"product_brand":[],"product_cat":[15,35,26],"product_tag":[],"class_list":{"0":"post-16954","1":"product","2":"type-product","3":"status-publish","4":"has-post-thumbnail","6":"product_cat-uncategorized","7":"product_cat-fun","8":"product_cat-health","10":"first","11":"instock","12":"sale","13":"taxable","14":"shipping-taxable","15":"purchasable","16":"product-type-simple"},"acf":[],"_links":{"self":[{"href":"https:\/\/linoexpress.com\/pl\/wp-json\/wp\/v2\/product\/16954","targetHints":{"allow":["GET"]}}],"collection":[{"href":"https:\/\/linoexpress.com\/pl\/wp-json\/wp\/v2\/product"}],"about":[{"href":"https:\/\/linoexpress.com\/pl\/wp-json\/wp\/v2\/types\/product"}],"replies":[{"embeddable":true,"href":"https:\/\/linoexpress.com\/pl\/wp-json\/wp\/v2\/comments?post=16954"}],"wp:featuredmedia":[{"embeddable":true,"href":"https:\/\/linoexpress.com\/pl\/wp-json\/wp\/v2\/media\/16958"}],"wp:attachment":[{"href":"https:\/\/linoexpress.com\/pl\/wp-json\/wp\/v2\/media?parent=16954"}],"wp:term":[{"taxonomy":"product_brand","embeddable":true,"href":"https:\/\/linoexpress.com\/pl\/wp-json\/wp\/v2\/product_brand?post=16954"},{"taxonomy":"product_cat","embeddable":true,"href":"https:\/\/linoexpress.com\/pl\/wp-json\/wp\/v2\/product_cat?post=16954"},{"taxonomy":"product_tag","embeddable":true,"href":"https:\/\/linoexpress.com\/pl\/wp-json\/wp\/v2\/product_tag?post=16954"}],"curies":[{"name":"wp","href":"https:\/\/api.w.org\/{rel}","templated":true}]}}